{"id":13145,"date":"2026-03-11T12:54:13","date_gmt":"2026-03-11T12:54:13","guid":{"rendered":"https:\/\/ceolawyer.com\/espanol\/?page_id=13145"},"modified":"2026-03-11T13:00:13","modified_gmt":"2026-03-11T13:00:13","slug":"abogado-accidentes-resbalones-y-caidasa","status":"publish","type":"page","link":"https:\/\/ceolawyer.com\/espanol\/lesiones-personales\/abogado-accidentes-resbalones-y-caidasa\/","title":{"rendered":"Abogado de resbalones y ca\u00eddas"},"content":{"rendered":"<p>Un resumen clave sobre accidentes de resbalones y ca\u00eddas<\/p>\n<ul>\n<li>Un abogado de resbalones y ca\u00eddas puede ayudarte a maximizar tu compensaci\u00f3n.<\/li>\n<li>Probar negligencia requiere demostrar deber, incumplimiento, causalidad y da\u00f1os conforme a la ley.<\/li>\n<li>Las aseguradoras pueden ofrecer acuerdos bajos que no cubren completamente tus p\u00e9rdidas.<\/li>\n<li>La evidencia adecuada fortalece tu reclamaci\u00f3n y aumenta posibilidades de negociaci\u00f3n favorable.<\/li>\n<li>CEO Lawyer Personal Injury Law Firm ofrece consultas gratuitas sin compromiso para v\u00edctimas lesionadas.<\/li>\n<\/ul>\n<p>\u00bfNecesitas m\u00e1s apoyo? Llama al <a href=\"tel:+18332542923\">(833) 254-2923<\/a> para una consulta.<\/p>\n<p><img decoding=\"async\" class=\"alignright size-full wp-image-13147\" src=\"https:\/\/ceolawyer.com\/espanol\/wp-content\/uploads\/sites\/2\/2026\/03\/slip-and-fall-accident-lawyer-es.webp\" alt=\"Se\u00f1al de suelo mojado: peligro de resbalones y ca\u00eddas\" width=\"500\" height=\"333\" srcset=\"https:\/\/ceolawyer.com\/espanol\/wp-content\/uploads\/sites\/2\/2026\/03\/slip-and-fall-accident-lawyer-es.webp 500w, https:\/\/ceolawyer.com\/espanol\/wp-content\/uploads\/sites\/2\/2026\/03\/slip-and-fall-accident-lawyer-es-300x200.webp 300w\" sizes=\"(max-width: 500px) 100vw, 500px\" \/>Los accidentes por resbalones y ca\u00eddas pueden ocurrir en cualquier lugar. Supermercados, edificios gubernamentales, centros comerciales, restaurantes y hoteles son algunos de los sitios m\u00e1s comunes donde suceden este tipo de accidentes. Un resbal\u00f3n o ca\u00edda puede provocar lesiones graves o permanentes, como una lesi\u00f3n cerebral traum\u00e1tica o fracturas severas que pueden dejarte con dolor persistente. Los casos de resbalones y ca\u00eddas pueden ser dif\u00edciles de litigar porque los propietarios del inmueble suelen intentar argumentar que t\u00fa tuviste la culpa debido a tu propia negligencia o descuido.<\/p>\n<p>Un abogado de lesiones por resbalones y ca\u00eddas tiene experiencia tratando con propietarios y sus compa\u00f1\u00edas de seguros en este tipo de casos. Aunque pueden ser complicados de probar, un abogado puede ayudarte a demostrar que la parte responsable no mantuvo la propiedad en condiciones seguras, lo que provoc\u00f3 tu accidente. Si sufriste lesiones en un accidente por resbal\u00f3n y ca\u00edda, llama a CEO Lawyer Personal Injury Law Firm al <a href=\"tel:+18332542923\">(833) 254-2923<\/a> o <a href=\"https:\/\/ceolawyer.com\/contact-us\/\">cont\u00e1ctanos a trav\u00e9s de nuestro sitio web<\/a> para una consulta sin compromiso sobre tu caso.<\/p>\n<h2>Tipos comunes de accidentes por resbalones y ca\u00eddas<\/h2>\n<p>Los accidentes por resbalones y ca\u00eddas pueden ocurrir en cualquier momento y lugar. Aunque un peque\u00f1o resbal\u00f3n pueda parecer inofensivo, pueden producirse lesiones graves, como lesiones cerebrales traum\u00e1ticas o da\u00f1o en la m\u00e9dula espinal. En algunos casos, estos accidentes pueden provocar una discapacidad permanente. Los costos m\u00e9dicos asociados con la rehabilitaci\u00f3n pueden generar r\u00e1pidamente una carga financiera considerable.<\/p>\n<p>Si sufriste lesiones en un accidente por resbal\u00f3n y ca\u00edda, podr\u00edas tener derecho a buscar compensaci\u00f3n de la parte responsable por tus facturas m\u00e9dicas, salarios perdidos y dolor y sufrimiento, conforme a la ley aplicable. Los propietarios tienen el deber de mantener sus instalaciones razonablemente seguras para quienes ingresan legalmente a ellas. Sin embargo, cuando no cumplen con ese deber, pueden ocurrir accidentes. Algunas de las <a href=\"https:\/\/ceolawyer.com\/faq\/georgia-law\/slip-fall-accident\/types-of-slip-and-fall-accidents-explained\/\">causas m\u00e1s comunes de resbalones y ca\u00eddas<\/a> incluyen:<\/p>\n<ul>\n<li><strong>Pisos mojados o resbaladizos. <\/strong>Ya sea por derrames no limpiados, tuber\u00edas con fugas, lluvia, nieve o superficies naturalmente resbaladizas como vidrio o piedra pulida.<\/li>\n<li><strong>Superficies irregulares o inestables.<\/strong> Los negocios deben mantener pasillos y \u00e1reas de tr\u00e1nsito en condiciones seguras. Ladrillos o concreto desnivelados, baldosas rotas o agujeros pueden convertirse en riesgos de tropiezo.<\/li>\n<li><strong>Pasillos desordenados, obstruidos o mal iluminados. <\/strong>La falta de orden y mantenimiento puede generar obst\u00e1culos que provoquen tropiezos y ca\u00eddas.<\/li>\n<li><strong>Escaleras y rampas peligrosas.<\/strong> Escaleras con tablas sueltas o rotas, o rampas mal mantenidas, pueden crear riesgos significativos.<\/li>\n<\/ul>\n<p>Estas son algunas de las causas m\u00e1s comunes. Los due\u00f1os de negocios y administradores de propiedades deben tomar medidas razonables para mantener sus instalaciones seguras y bien iluminadas. Algunos de los <a href=\"https:\/\/ceolawyer.com\/faq\/georgia-law\/slip-fall-accident\/types-of-slip-and-fall-accidents-explained\/\">lugares donde con mayor frecuencia ocurren accidentes por resbalones y ca\u00eddas<\/a> incluyen:<\/p>\n<ul>\n<li>Supermercados.<\/li>\n<li>Tiendas departamentales.<\/li>\n<li>Tiendas de conveniencia.<\/li>\n<li>Restaurantes.<\/li>\n<li>Estadios y arenas deportivas.<\/li>\n<li>Estacionamientos y aceras.<\/li>\n<li>Oficinas comerciales.<\/li>\n<li>Sitios de construcci\u00f3n.<\/li>\n<\/ul>\n<p>Si sufriste lesiones en cualquiera de estos lugares, deber\u00edas considerar hablar con un <a href=\"https:\/\/ceolawyer.com\/personal-injury\/\">abogado de lesiones personales<\/a> sobre tu accidente. Los negocios y administradores de propiedades suelen contar con seguros para este tipo de situaciones. Incluso si no est\u00e1s seguro de si tu reclamaci\u00f3n procede, puedes comunicarte con CEO Lawyer Personal Injury Law Firm para una consulta sin compromiso.<\/p>\n<h2>Resbalones y ca\u00eddas en el lugar de trabajo<\/h2>\n<p>Los accidentes por resbalones y ca\u00eddas son una de las principales causas de reclamaciones de compensaci\u00f3n laboral y representan una de las tasas m\u00e1s altas de lesiones ocupacionales en personas mayores de 50 a\u00f1os. Algunas industrias presentan mayor riesgo que otras, como la manufactura, el transporte, la construcci\u00f3n y aquellas que implican el uso de almacenes.<\/p>\n<p>Las ca\u00eddas son una de las <a href=\"https:\/\/www.nsc.org\/workplace\/safety-topics\/slips-trips-and-falls\/slips-trips-and-falls-home\">lesiones laborales m\u00e1s peligrosas<\/a>. En 2019, 880 trabajadores perdieron la vida debido a ca\u00eddas en el trabajo. Adem\u00e1s, cerca de 250,000 personas sufrieron lesiones relacionadas con ca\u00eddas laborales tan graves que tuvieron que ausentarse de sus empleos. Debido a que las ca\u00eddas laborales son una de las lesiones m\u00e1s comunes en el trabajo, es importante contar con medidas de prevenci\u00f3n antes de realizar actividades que puedan implicar riesgos. Algunas recomendaciones de seguridad incluyen:<\/p>\n<ul>\n<li>Asegurarte de que todo el personal est\u00e9 debidamente capacitado en el uso del equipo.<\/li>\n<li>Revisar el \u00e1rea de trabajo en busca de posibles peligros antes de comenzar tus labores.<\/li>\n<li>Utilizar siempre las herramientas correctas y emplearlas conforme a su prop\u00f3sito.<\/li>\n<li>Si usas una escalera, verificar que est\u00e9 colocada firmemente sobre una superficie plana y estable.<\/li>\n<li>Usar calzado antideslizante y evitar inclinarte o estirarte excesivamente mientras est\u00e1s en la escalera.<\/li>\n<li>Asegurarte de que alguien sostenga la base de la escalera mientras est\u00e9 en uso.<\/li>\n<\/ul>\n<p>Si sufriste lesiones debido a un resbal\u00f3n o ca\u00edda en el trabajo, deber\u00edas consultar lo antes posible con un abogado de accidentes por resbalones y ca\u00eddas. Existen diversos factores que pueden influir en tu reclamaci\u00f3n. Un abogado de lesiones personales puede ayudarte a analizar los detalles de tu caso y desarrollar una estrategia adecuada para buscar los beneficios o la compensaci\u00f3n disponibles conforme a la ley.<\/p>\n<h2>\u00bfC\u00f3mo puede ayudarte un abogado de resbalones y ca\u00eddas?<\/h2>\n<p>Un abogado de lesiones personales que haya gestionado casos de resbalones y ca\u00eddas puede ser un recurso clave para maximizar el valor potencial de tu reclamaci\u00f3n. CEO Lawyer Personal Injury Law Firm trabaja bajo un esquema de honorarios por contingencia, lo que significa que no pagas honorarios por adelantado y que el abogado solo recibe pago si t\u00fa obtienes compensaci\u00f3n. Si sufriste lesiones en un accidente por resbal\u00f3n y ca\u00edda, tu abogado puede ayudarte a desarrollar una estrategia legal s\u00f3lida orientada a buscar la compensaci\u00f3n disponible conforme a la ley.<\/p>\n<p>Primero, tu abogado escuchar\u00e1 los detalles de tu caso y comenzar\u00e1 a recopilar la informaci\u00f3n que servir\u00e1 como evidencia. Te har\u00e1 preguntas como:<\/p>\n<ul>\n<li>\u00bfD\u00f3nde ocurri\u00f3 el accidente por resbal\u00f3n y ca\u00edda?<\/li>\n<li>\u00bfQu\u00e9 caus\u00f3 que tropezaras, resbalaras o cayeras? \u00bfHab\u00edas notado ese peligro antes del accidente?<\/li>\n<li>\u00bfAlguien acudi\u00f3 a ayudarte despu\u00e9s de la ca\u00edda?<\/li>\n<li>\u00bfResultaste lesionado?<\/li>\n<li>\u00bfQu\u00e9 tipo de lesiones sufriste y qu\u00e9 tan graves son?<\/li>\n<li>\u00bfBuscaste tratamiento m\u00e9dico y puedes proporcionar documentaci\u00f3n de tus lesiones?<\/li>\n<li>\u00bfC\u00f3mo saliste del lugar del accidente? Es decir, \u00bfte retiraste en ambulancia?<\/li>\n<li>\u00bfSabes si existe alg\u00fan sistema de videovigilancia que haya podido captar el accidente?<\/li>\n<li>\u00bfHubo testigos?<\/li>\n<li>\u00bfHab\u00edas visitado anteriormente ese establecimiento?<\/li>\n<li>\u00bfCuentas con alg\u00fan tipo de seguro m\u00e9dico?<\/li>\n<li>\u00bfQu\u00e9 impacto han tenido estas lesiones en tu vida? Por ejemplo, \u00bfperdiste salarios o tiempo de trabajo? \u00bfExperimentas dolor y sufrimiento? \u00bfTienes gastos m\u00e9dicos continuos relacionados con el accidente?<\/li>\n<\/ul>\n<p>Estas son solo algunas de las preguntas que tu abogado de resbalones y ca\u00eddas puede hacer para establecer los hechos del caso. Incluso podr\u00eda regresar al lugar del accidente para verificar si existe grabaci\u00f3n de seguridad y hablar con empleados que hayan presenciado la ca\u00edda. Luego, tu abogado trabajar\u00e1 para establecer la negligencia con el fin de respaldar tu reclamaci\u00f3n. Una vez determinado este elemento, calcular\u00e1 los da\u00f1os y evaluar\u00e1 la compensaci\u00f3n que podr\u00eda corresponder seg\u00fan las circunstancias. Podr\u00edas buscar compensaci\u00f3n por facturas m\u00e9dicas, salarios perdidos, disminuci\u00f3n de la capacidad de generar ingresos, da\u00f1os a la propiedad, dolor y sufrimiento, y angustia emocional, conforme a la ley aplicable.<\/p>\n<p>La mayor\u00eda de las reclamaciones por lesiones personales se resuelven fuera de los tribunales. Sin embargo, es importante recordar que las compa\u00f1\u00edas de seguros son empresas y pueden intentar ofrecer la cantidad m\u00e1s baja posible para cerrar el caso. Una vez que aceptas una oferta, generalmente no podr\u00e1s continuar con la reclamaci\u00f3n. Por eso es importante que un abogado con experiencia revise cualquier oferta y te asesore para determinar si es justa bajo las circunstancias. Un abogado de CEO Lawyer Personal Injury Law Firm, conoce c\u00f3mo operan las aseguradoras y puede asesorarte estrat\u00e9gicamente durante el proceso. Los resultados pasados no garantizan resultados similares.<\/p>\n<h2>\u00bfC\u00f3mo establece la negligencia un abogado de resbalones y ca\u00eddas?<\/h2>\n<p>A trav\u00e9s del cuestionario inicial y la investigaci\u00f3n adicional en el lugar del accidente, tu abogado <a href=\"https:\/\/ceolawyer.com\/personal-injury\/negligence-lawyer\/\">intentar\u00e1 demostrar negligencia<\/a> por parte del propietario del negocio o administrador de la propiedad. Probar la negligencia es una de las partes m\u00e1s importantes y complejas del caso. Para establecerla, generalmente deben demostrarse cuatro elementos:<\/p>\n<ol>\n<li>Que el propietario, administrador o arrendador ten\u00eda un deber de cuidado hacia ti para mantener condiciones razonablemente seguras.<\/li>\n<li>Que ese deber fue incumplido.<\/li>\n<li>Que ese incumplimiento fue la causa directa de tu lesi\u00f3n y de los da\u00f1os resultantes. En otras palabras, que si el problema se hubiera corregido o se hubieran implementado medidas de seguridad adecuadas, la lesi\u00f3n no habr\u00eda ocurrido.<\/li>\n<li>Que sufriste da\u00f1os reales como resultado del accidente y que la parte responsable debe responder por ellos conforme a la ley.<\/li>\n<\/ol>\n<p>Una parte fundamental es determinar si exist\u00eda un <a href=\"https:\/\/www.alllaw.com\/articles\/nolo\/personal-injury\/duty-of-care.html\">deber de cuidado y si fue violado<\/a>. Este deber puede variar seg\u00fan el tipo de visitante:<\/p>\n<ul>\n<li><strong>Invitado:<\/strong> Persona que tiene permiso para estar en la propiedad, como un cliente. Generalmente se le debe un deber de cuidado.<\/li>\n<li><strong>Licenciatario: <\/strong>Persona que tiene derecho a estar en el lugar por razones comerciales u otras, como un vendedor o contratista. Tambi\u00e9n suele existir un deber de cuidado.<\/li>\n<li><strong>Intruso: <\/strong>Persona que no fue invitada ni tiene autorizaci\u00f3n para estar en la propiedad. En muchos casos no se le debe el mismo deber de cuidado, aunque en algunos estados y circunstancias espec\u00edficas podr\u00eda tener ciertos derechos.<\/li>\n<\/ul>\n<h2>La firma de accidentes por resbalones y ca\u00eddas en la que puedes confiar<\/h2>\n<p>Los casos de resbalones y ca\u00eddas pueden ser complejos y dif\u00edciles de manejar sin experiencia. Algunas personas intentan gestionar su reclamaci\u00f3n por su cuenta, pero el proceso puede ser complicado y es posible que no conozcan las t\u00e1cticas utilizadas por las aseguradoras. Contar con un abogado que haya manejado este tipo de casos puede ayudarte a manejar el papeleo legal y la comunicaci\u00f3n con la aseguradora, para que puedas concentrarte en tu recuperaci\u00f3n.<\/p>\n<p>Pocas personas tienen el conocimiento legal para enfrentar por s\u00ed solas a grandes compa\u00f1\u00edas de seguros, pero con CEO Lawyer Personal Injury Law Firm de tu lado, puedes contar con representaci\u00f3n enfocada en proteger tus derechos y buscar la compensaci\u00f3n que la ley permita. Para una consulta gratuita y sin compromiso sobre tu caso, llama a CEO Lawyer Personal Injury Law Firm al <a href=\"tel:+18332542923\">(833) 254-2923<\/a>.<\/p>\n","protected":false},"excerpt":{"rendered":"<p>Un resumen clave sobre accidentes de resbalones y ca\u00eddas Un abogado de resbalones y ca\u00eddas puede ayudarte a maximizar tu compensaci\u00f3n. Probar negligencia requiere demostrar deber, incumplimiento, causalidad y da\u00f1os conforme a la ley. Las aseguradoras pueden ofrecer acuerdos bajos que no cubren completamente tus p\u00e9rdidas. La evidencia adecuada fortalece tu reclamaci\u00f3n y aumenta posibilidades [&hellip;]<\/p>\n","protected":false},"author":18,"featured_media":13147,"parent":13085,"menu_order":0,"comment_status":"closed","ping_status":"closed","template":"","meta":{"_acf_changed":false,"footnotes":""},"class_list":["post-13145","page","type-page","status-publish","has-post-thumbnail","hentry"],"acf":[],"yoast_head":"<!-- This site is optimized with the Yoast SEO plugin v27.2 - https:\/\/yoast.com\/product\/yoast-seo-wordpress\/ -->\n<title>Abogado de resbalones y ca\u00eddas | CEO Lawyer<\/title>\n<meta name=\"description\" content=\"Si necesitas a un abogado de resbalones y ca\u00eddas, ponte en contacto con CEO Lawyer Personal Injury Law Firm al 833-254-2923 para obtener representaci\u00f3n legal de calidad.\" \/>\n<meta name=\"robots\" content=\"index, follow, max-snippet:-1, max-image-preview:large, max-video-preview:-1\" \/>\n<link rel=\"canonical\" href=\"https:\/\/ceolawyer.com\/espanol\/lesiones-personales\/abogado-accidentes-resbalones-y-caidasa\/\" \/>\n<meta property=\"og:locale\" content=\"en_US\" \/>\n<meta property=\"og:type\" content=\"article\" \/>\n<meta property=\"og:title\" content=\"Abogado de resbalones y ca\u00eddas | CEO Lawyer\" \/>\n<meta property=\"og:description\" content=\"Si necesitas a un abogado de resbalones y ca\u00eddas, ponte en contacto con CEO Lawyer Personal Injury Law Firm al 833-254-2923 para obtener representaci\u00f3n legal de calidad.\" \/>\n<meta property=\"og:url\" content=\"https:\/\/ceolawyer.com\/espanol\/lesiones-personales\/abogado-accidentes-resbalones-y-caidasa\/\" \/>\n<meta property=\"og:site_name\" content=\"CEO Lawyer\" \/>\n<meta property=\"article:modified_time\" content=\"2026-03-11T13:00:13+00:00\" \/>\n<meta property=\"og:image\" content=\"https:\/\/ceolawyer.com\/espanol\/wp-content\/uploads\/sites\/2\/2026\/03\/slip-and-fall-accident-lawyer-es.webp\" \/>\n\t<meta property=\"og:image:width\" content=\"500\" \/>\n\t<meta property=\"og:image:height\" content=\"333\" \/>\n\t<meta property=\"og:image:type\" content=\"image\/webp\" \/>\n<meta name=\"twitter:card\" content=\"summary_large_image\" \/>\n<meta name=\"twitter:label1\" content=\"Est. reading time\" \/>\n\t<meta name=\"twitter:data1\" content=\"8 minutes\" \/>\n<script type=\"application\/ld+json\" class=\"yoast-schema-graph\">{\"@context\":\"https:\/\/schema.org\",\"@graph\":[{\"@type\":\"WebPage\",\"@id\":\"https:\/\/ceolawyer.com\/espanol\/lesiones-personales\/abogado-accidentes-resbalones-y-caidasa\/\",\"url\":\"https:\/\/ceolawyer.com\/espanol\/lesiones-personales\/abogado-accidentes-resbalones-y-caidasa\/\",\"name\":\"Abogado de resbalones y ca\u00eddas | CEO Lawyer\",\"isPartOf\":{\"@id\":\"https:\/\/ceolawyer.com\/espanol\/#website\"},\"primaryImageOfPage\":{\"@id\":\"https:\/\/ceolawyer.com\/espanol\/lesiones-personales\/abogado-accidentes-resbalones-y-caidasa\/#primaryimage\"},\"image\":{\"@id\":\"https:\/\/ceolawyer.com\/espanol\/lesiones-personales\/abogado-accidentes-resbalones-y-caidasa\/#primaryimage\"},\"thumbnailUrl\":\"https:\/\/ceolawyer.com\/espanol\/wp-content\/uploads\/sites\/2\/2026\/03\/slip-and-fall-accident-lawyer-es.webp\",\"datePublished\":\"2026-03-11T12:54:13+00:00\",\"dateModified\":\"2026-03-11T13:00:13+00:00\",\"description\":\"Si necesitas a un abogado de resbalones y ca\u00eddas, ponte en contacto con CEO Lawyer Personal Injury Law Firm al 833-254-2923 para obtener representaci\u00f3n legal de calidad.\",\"breadcrumb\":{\"@id\":\"https:\/\/ceolawyer.com\/espanol\/lesiones-personales\/abogado-accidentes-resbalones-y-caidasa\/#breadcrumb\"},\"inLanguage\":\"en-US\",\"potentialAction\":[{\"@type\":\"ReadAction\",\"target\":[\"https:\/\/ceolawyer.com\/espanol\/lesiones-personales\/abogado-accidentes-resbalones-y-caidasa\/\"]}]},{\"@type\":\"ImageObject\",\"inLanguage\":\"en-US\",\"@id\":\"https:\/\/ceolawyer.com\/espanol\/lesiones-personales\/abogado-accidentes-resbalones-y-caidasa\/#primaryimage\",\"url\":\"https:\/\/ceolawyer.com\/espanol\/wp-content\/uploads\/sites\/2\/2026\/03\/slip-and-fall-accident-lawyer-es.webp\",\"contentUrl\":\"https:\/\/ceolawyer.com\/espanol\/wp-content\/uploads\/sites\/2\/2026\/03\/slip-and-fall-accident-lawyer-es.webp\",\"width\":500,\"height\":333,\"caption\":\"Se\u00f1al de suelo mojado: peligro de resbalones y ca\u00eddas\"},{\"@type\":\"BreadcrumbList\",\"@id\":\"https:\/\/ceolawyer.com\/espanol\/lesiones-personales\/abogado-accidentes-resbalones-y-caidasa\/#breadcrumb\",\"itemListElement\":[{\"@type\":\"ListItem\",\"position\":1,\"name\":\"Home\",\"item\":\"https:\/\/ceolawyer.com\/espanol\/\"},{\"@type\":\"ListItem\",\"position\":2,\"name\":\"Abogado de lesiones personales\",\"item\":\"https:\/\/ceolawyer.com\/espanol\/lesiones-personales\/\"},{\"@type\":\"ListItem\",\"position\":3,\"name\":\"Abogado de resbalones y ca\u00eddas\"}]},{\"@type\":\"WebSite\",\"@id\":\"https:\/\/ceolawyer.com\/espanol\/#website\",\"url\":\"https:\/\/ceolawyer.com\/espanol\/\",\"name\":\"CEO Lawyer\",\"description\":\"Personal Injury Attorney\",\"publisher\":{\"@id\":\"https:\/\/ceolawyer.com\/espanol\/#organization\"},\"potentialAction\":[{\"@type\":\"SearchAction\",\"target\":{\"@type\":\"EntryPoint\",\"urlTemplate\":\"https:\/\/ceolawyer.com\/espanol\/?s={search_term_string}\"},\"query-input\":{\"@type\":\"PropertyValueSpecification\",\"valueRequired\":true,\"valueName\":\"search_term_string\"}}],\"inLanguage\":\"en-US\"},{\"@type\":\"Organization\",\"@id\":\"https:\/\/ceolawyer.com\/espanol\/#organization\",\"name\":\"CEO Lawyer\",\"url\":\"https:\/\/ceolawyer.com\/espanol\/\",\"logo\":{\"@type\":\"ImageObject\",\"inLanguage\":\"en-US\",\"@id\":\"https:\/\/ceolawyer.com\/espanol\/#\/schema\/logo\/image\/\",\"url\":\"https:\/\/ceolawyer.com\/espanol\/wp-content\/uploads\/sites\/2\/2022\/05\/CEO_Logo.png\",\"contentUrl\":\"https:\/\/ceolawyer.com\/espanol\/wp-content\/uploads\/sites\/2\/2022\/05\/CEO_Logo.png\",\"width\":200,\"height\":108,\"caption\":\"CEO Lawyer\"},\"image\":{\"@id\":\"https:\/\/ceolawyer.com\/espanol\/#\/schema\/logo\/image\/\"}}]}<\/script>\n<!-- \/ Yoast SEO plugin. -->","yoast_head_json":{"title":"Abogado de resbalones y ca\u00eddas | CEO Lawyer","description":"Si necesitas a un abogado de resbalones y ca\u00eddas, ponte en contacto con CEO Lawyer Personal Injury Law Firm al 833-254-2923 para obtener representaci\u00f3n legal de calidad.","robots":{"index":"index","follow":"follow","max-snippet":"max-snippet:-1","max-image-preview":"max-image-preview:large","max-video-preview":"max-video-preview:-1"},"canonical":"https:\/\/ceolawyer.com\/espanol\/lesiones-personales\/abogado-accidentes-resbalones-y-caidasa\/","og_locale":"en_US","og_type":"article","og_title":"Abogado de resbalones y ca\u00eddas | CEO Lawyer","og_description":"Si necesitas a un abogado de resbalones y ca\u00eddas, ponte en contacto con CEO Lawyer Personal Injury Law Firm al 833-254-2923 para obtener representaci\u00f3n legal de calidad.","og_url":"https:\/\/ceolawyer.com\/espanol\/lesiones-personales\/abogado-accidentes-resbalones-y-caidasa\/","og_site_name":"CEO Lawyer","article_modified_time":"2026-03-11T13:00:13+00:00","og_image":[{"width":500,"height":333,"url":"https:\/\/ceolawyer.com\/espanol\/wp-content\/uploads\/sites\/2\/2026\/03\/slip-and-fall-accident-lawyer-es.webp","type":"image\/webp"}],"twitter_card":"summary_large_image","twitter_misc":{"Est. reading time":"8 minutes"},"schema":{"@context":"https:\/\/schema.org","@graph":[{"@type":"WebPage","@id":"https:\/\/ceolawyer.com\/espanol\/lesiones-personales\/abogado-accidentes-resbalones-y-caidasa\/","url":"https:\/\/ceolawyer.com\/espanol\/lesiones-personales\/abogado-accidentes-resbalones-y-caidasa\/","name":"Abogado de resbalones y ca\u00eddas | CEO Lawyer","isPartOf":{"@id":"https:\/\/ceolawyer.com\/espanol\/#website"},"primaryImageOfPage":{"@id":"https:\/\/ceolawyer.com\/espanol\/lesiones-personales\/abogado-accidentes-resbalones-y-caidasa\/#primaryimage"},"image":{"@id":"https:\/\/ceolawyer.com\/espanol\/lesiones-personales\/abogado-accidentes-resbalones-y-caidasa\/#primaryimage"},"thumbnailUrl":"https:\/\/ceolawyer.com\/espanol\/wp-content\/uploads\/sites\/2\/2026\/03\/slip-and-fall-accident-lawyer-es.webp","datePublished":"2026-03-11T12:54:13+00:00","dateModified":"2026-03-11T13:00:13+00:00","description":"Si necesitas a un abogado de resbalones y ca\u00eddas, ponte en contacto con CEO Lawyer Personal Injury Law Firm al 833-254-2923 para obtener representaci\u00f3n legal de calidad.","breadcrumb":{"@id":"https:\/\/ceolawyer.com\/espanol\/lesiones-personales\/abogado-accidentes-resbalones-y-caidasa\/#breadcrumb"},"inLanguage":"en-US","potentialAction":[{"@type":"ReadAction","target":["https:\/\/ceolawyer.com\/espanol\/lesiones-personales\/abogado-accidentes-resbalones-y-caidasa\/"]}]},{"@type":"ImageObject","inLanguage":"en-US","@id":"https:\/\/ceolawyer.com\/espanol\/lesiones-personales\/abogado-accidentes-resbalones-y-caidasa\/#primaryimage","url":"https:\/\/ceolawyer.com\/espanol\/wp-content\/uploads\/sites\/2\/2026\/03\/slip-and-fall-accident-lawyer-es.webp","contentUrl":"https:\/\/ceolawyer.com\/espanol\/wp-content\/uploads\/sites\/2\/2026\/03\/slip-and-fall-accident-lawyer-es.webp","width":500,"height":333,"caption":"Se\u00f1al de suelo mojado: peligro de resbalones y ca\u00eddas"},{"@type":"BreadcrumbList","@id":"https:\/\/ceolawyer.com\/espanol\/lesiones-personales\/abogado-accidentes-resbalones-y-caidasa\/#breadcrumb","itemListElement":[{"@type":"ListItem","position":1,"name":"Home","item":"https:\/\/ceolawyer.com\/espanol\/"},{"@type":"ListItem","position":2,"name":"Abogado de lesiones personales","item":"https:\/\/ceolawyer.com\/espanol\/lesiones-personales\/"},{"@type":"ListItem","position":3,"name":"Abogado de resbalones y ca\u00eddas"}]},{"@type":"WebSite","@id":"https:\/\/ceolawyer.com\/espanol\/#website","url":"https:\/\/ceolawyer.com\/espanol\/","name":"CEO Lawyer","description":"Personal Injury Attorney","publisher":{"@id":"https:\/\/ceolawyer.com\/espanol\/#organization"},"potentialAction":[{"@type":"SearchAction","target":{"@type":"EntryPoint","urlTemplate":"https:\/\/ceolawyer.com\/espanol\/?s={search_term_string}"},"query-input":{"@type":"PropertyValueSpecification","valueRequired":true,"valueName":"search_term_string"}}],"inLanguage":"en-US"},{"@type":"Organization","@id":"https:\/\/ceolawyer.com\/espanol\/#organization","name":"CEO Lawyer","url":"https:\/\/ceolawyer.com\/espanol\/","logo":{"@type":"ImageObject","inLanguage":"en-US","@id":"https:\/\/ceolawyer.com\/espanol\/#\/schema\/logo\/image\/","url":"https:\/\/ceolawyer.com\/espanol\/wp-content\/uploads\/sites\/2\/2022\/05\/CEO_Logo.png","contentUrl":"https:\/\/ceolawyer.com\/espanol\/wp-content\/uploads\/sites\/2\/2022\/05\/CEO_Logo.png","width":200,"height":108,"caption":"CEO Lawyer"},"image":{"@id":"https:\/\/ceolawyer.com\/espanol\/#\/schema\/logo\/image\/"}}]}},"_links":{"self":[{"href":"https:\/\/ceolawyer.com\/espanol\/wp-json\/wp\/v2\/pages\/13145","targetHints":{"allow":["GET"]}}],"collection":[{"href":"https:\/\/ceolawyer.com\/espanol\/wp-json\/wp\/v2\/pages"}],"about":[{"href":"https:\/\/ceolawyer.com\/espanol\/wp-json\/wp\/v2\/types\/page"}],"author":[{"embeddable":true,"href":"https:\/\/ceolawyer.com\/espanol\/wp-json\/wp\/v2\/users\/18"}],"replies":[{"embeddable":true,"href":"https:\/\/ceolawyer.com\/espanol\/wp-json\/wp\/v2\/comments?post=13145"}],"version-history":[{"count":0,"href":"https:\/\/ceolawyer.com\/espanol\/wp-json\/wp\/v2\/pages\/13145\/revisions"}],"up":[{"embeddable":true,"href":"https:\/\/ceolawyer.com\/espanol\/wp-json\/wp\/v2\/pages\/13085"}],"wp:featuredmedia":[{"embeddable":true,"href":"https:\/\/ceolawyer.com\/espanol\/wp-json\/wp\/v2\/media\/13147"}],"wp:attachment":[{"href":"https:\/\/ceolawyer.com\/espanol\/wp-json\/wp\/v2\/media?parent=13145"}],"curies":[{"name":"wp","href":"https:\/\/api.w.org\/{rel}","templated":true}]}}