{"id":13180,"date":"2026-03-16T13:12:29","date_gmt":"2026-03-16T13:12:29","guid":{"rendered":"https:\/\/ceolawyer.com\/espanol\/?page_id=13180"},"modified":"2026-03-16T15:00:10","modified_gmt":"2026-03-16T15:00:10","slug":"quien-puede-reclamar-por-perdida-de-ingresos-debido-a-interrupciones-comerciales-o-de-negocio-a-causa-de-la-explosion","status":"publish","type":"page","link":"https:\/\/ceolawyer.com\/espanol\/biolab\/faq\/quien-puede-reclamar-por-perdida-de-ingresos-debido-a-interrupciones-comerciales-o-de-negocio-a-causa-de-la-explosion\/","title":{"rendered":"\u00bfQui\u00e9n puede reclamar por p\u00e9rdida de ingresos debido a interrupciones comerciales o de negocio a causa de la explosi\u00f3n?"},"content":{"rendered":"<p>La reciente explosi\u00f3n de un laboratorio biol\u00f3gico en Georgia ha dejado a muchas empresas con m\u00e1s consecuencias que da\u00f1os f\u00edsicos. Muchas est\u00e1n lidiando con graves reveses financieros debido a cierres forzados, interrupciones en la cadena de producci\u00f3n y tiempo de inactividad operativa.<\/p>\n<p>Si su empresa ha sufrido financieramente debido a la explosi\u00f3n, es esencial que comprenda sus opciones para reclamar la compensaci\u00f3n de las p\u00e9rdidas despu\u00e9s de una explosi\u00f3n.<\/p>\n<p>A continuaci\u00f3n presentamos una serie de preguntas frecuentes y sus respuestas que le indicar\u00e1n qui\u00e9n es elegible para presentar un reclamo ante la compa\u00f1\u00eda de seguros por interrupci\u00f3n comercial, qu\u00e9 cubre ese seguro y c\u00f3mo solicitar una compensaci\u00f3n por la interrupci\u00f3n comercial causada por la explosi\u00f3n.<\/p>\n<h2><strong>\u00bfQu\u00e9 es el seguro de interrupci\u00f3n de negocios?<\/strong><\/h2>\n<p>El seguro de interrupci\u00f3n de negocios es una p\u00f3liza que ayuda a las empresas a recuperar los ingresos perdidos cuando no pueden operar debido a eventos como desastres naturales, incendios o explosiones. Este tipo de seguro es fundamental para las empresas afectadas por la explosi\u00f3n, ya que puede ayudar a cubrir los gastos esenciales incluso cuando se detienen las operaciones.<\/p>\n<p>Cuando se presenta una reclamaci\u00f3n de seguro de interrupci\u00f3n de negocios, la p\u00f3liza generalmente cubre:<\/p>\n<p>P\u00e9rdida de ingresos de acuerdo al desempe\u00f1o hist\u00f3rico.<\/p>\n<p>Gastos operativos como alquiler, servicios p\u00fablicos y n\u00f3mina.<\/p>\n<p>Costos adicionales relacionados con la interrupci\u00f3n, como el alquiler de equipos temporales o la reubicaci\u00f3n.<\/p>\n<p>Sin embargo, las p\u00f3lizas var\u00edan y algunas pueden tener exclusiones, por lo que es importante revisar su cobertura atentamente para comprender qu\u00e9 p\u00e9rdidas son elegibles.<\/p>\n<h2><strong>\u00bfQui\u00e9n puede presentar una reclamaci\u00f3n por p\u00e9rdida de ingresos?<\/strong><\/h2>\n<p>No todas las empresas afectadas por la explosi\u00f3n califican para presentar reclamaciones por p\u00e9rdida de ingresos. La elegibilidad a menudo depender\u00e1 del tipo de empresa, la gravedad de la interrupci\u00f3n y las particularidades de su p\u00f3liza de seguro. A continuaci\u00f3n, se detalla qui\u00e9nes podr\u00edan calificar:<\/p>\n<h3><strong>Peque\u00f1as empresas<\/strong><\/h3>\n<p>Las peque\u00f1as empresas que dependen de las operaciones diarias para obtener ingresos suelen ser las m\u00e1s afectadas por los cierres forzosos. Ya sea una tienda minorista, un restaurante o un negocio de servicios, puede calificar si ha experimentado una ca\u00edda en los ingresos debido a las consecuencias de la explosi\u00f3n.<\/p>\n<h3><strong>Proveedores de servicios<\/strong><\/h3>\n<p>Si su empresa ofrece servicios (por ejemplo, salones de belleza, empresas de consultor\u00eda, servicios de entrega), tambi\u00e9n podr\u00eda ser elegible para presentar un reclamo por p\u00e9rdida de ingresos si la explosi\u00f3n ha causado demoras, cancelaciones o lo ha obligado a dejar de operar.<\/p>\n<h3><strong>Grandes empresas<\/strong><\/h3>\n<p>Incluso los grandes minoristas, fabricantes y\/o productores pueden calificar, especialmente si la explosi\u00f3n caus\u00f3 da\u00f1os graves a sus instalaciones o interrumpi\u00f3 cadenas de producci\u00f3n o suministro cr\u00edticas. Las empresas que dependen de entregas o materia prima de las \u00e1reas afectadas tambi\u00e9n pueden sufrir p\u00e9rdidas financieras significativas.<\/p>\n<p>Para presentar una reclamaci\u00f3n, necesitar\u00e1 documentaci\u00f3n clara de los ingresos perdidos debido a la explosi\u00f3n, como estados de resultados, contratos y registros financieros.<\/p>\n<h2><strong>El impacto financiero de las interrupciones comerciales<\/strong><\/h2>\n<p>El impacto financiero de las interrupciones comerciales despu\u00e9s de un desastre como la explosi\u00f3n puede ser devastador y afectar tanto los ingresos a corto plazo como la rentabilidad a largo plazo. A continuaci\u00f3n, se presentan algunos desaf\u00edos financieros comunes:<\/p>\n<p><strong>P\u00e9rdida de ventas o contratos:<\/strong> cuando las empresas no pueden operar, pierden la oportunidad de generar ingresos por ventas o prestaci\u00f3n de servicios.<\/p>\n<p><strong>Gastos operativos continuos:<\/strong> incluso si su empresa no est\u00e1 funcionando, usted sigue siendo responsable del alquiler, los servicios p\u00fablicos y otros costos fijos.<\/p>\n<p><strong>Obligaciones de n\u00f3mina:<\/strong> es posible que deba pagar a los empleados incluso si la empresa est\u00e1 cerrada temporalmente, situaci\u00f3n que afecta a\u00fan m\u00e1s sus finanzas.<\/p>\n<p><strong>Retrasos en la cadena de suministro:<\/strong> si sus proveedores se ven afectados, es posible que no pueda recibir los materiales o el inventario necesario para cumplir con los pedidos solicitados previamente, lo que provoca m\u00e1s interrupciones.<\/p>\n<p>Este tipo de p\u00e9rdida financiera puede agravarse con el tiempo, lo que hace que sea a\u00fan m\u00e1s importante buscar una compensaci\u00f3n por la p\u00e9rdida de ingresos lo antes posible.<\/p>\n<h2><strong>Pasos para presentar una reclamaci\u00f3n de seguro por interrupci\u00f3n de negocios<\/strong><\/h2>\n<p>Presentar una reclamaci\u00f3n de seguro por interrupci\u00f3n de negocios puede ser un proceso complejo, pero es esencial para recuperar los ingresos perdidos y estabilizar su negocio. Estos son los pasos clave a tener en cuenta:<\/p>\n<h3><strong>Documente sus p\u00e9rdidas<\/strong><\/h3>\n<p>Necesitar\u00e1 registros financieros detallados para demostrar c\u00f3mo la explosi\u00f3n afect\u00f3 sus ingresos. Re\u00fana estados de resultados, registros de ventas, contratos incumplidos o terminados y cualquier otra documentaci\u00f3n que muestre una ca\u00edda en los ingresos debido a la explosi\u00f3n.<\/p>\n<h3><strong>Trabaje con un corredor<\/strong><\/h3>\n<p>Es probable que su compa\u00f1\u00eda de seguros env\u00ede a un corredor\u00a0 o a un experto para evaluar los da\u00f1os y revisar sus p\u00e9rdidas financieras. Entregue toda la documentaci\u00f3n y est\u00e9 preparado para explicar espec\u00edficamente c\u00f3mo la explosi\u00f3n gener\u00f3 la interrupci\u00f3n de la actividad comercial.<\/p>\n<h3><strong>Revise la cobertura y las exclusiones de la p\u00f3liza<\/strong><\/h3>\n<p>Tenga en cuenta las exclusiones de su p\u00f3liza que podr\u00edan limitar su cobertura. Por ejemplo, algunas p\u00f3lizas podr\u00edan no cubrir explosiones, dependiendo de la causa.<\/p>\n<p>Si no est\u00e1 seguro de lo que cubre su p\u00f3liza, consultar a un abogado podr\u00eda ayudarle a aclarar sus derechos.<\/p>\n<h2><strong>Solicitar una indemnizaci\u00f3n por interrupci\u00f3n de la actividad empresarial<\/strong><\/h2>\n<p>Si se aprueba su reclamaci\u00f3n, la indemnizaci\u00f3n por interrupci\u00f3n de la actividad empresarial puede cubrir diversas p\u00e9rdidas, entre ellas:<\/p>\n<p><strong>P\u00e9rdida de ganancias: <\/strong>indemnizaci\u00f3n por los ingresos que hubiera obtenido durante el tiempo en que su actividad se vio interrumpida.<\/p>\n<p><strong>Gastos operativos fijos:<\/strong> reembolso de los gastos como el alquiler, los servicios p\u00fablicos y los salarios de los empleados que deben pagarse incluso si su actividad no genera ingresos.<\/p>\n<p><strong>Costos de reparaci\u00f3n o reubicaci\u00f3n:<\/strong> si la explosi\u00f3n caus\u00f3 da\u00f1os f\u00edsicos a su propiedad, la indemnizaci\u00f3n podr\u00eda incluir fondos para reparar los da\u00f1os o reubicarse temporalmente.<\/p>\n<p>Sin embargo, las compa\u00f1\u00edas de seguros pueden disputar o retrasar las reclamaciones, por lo que es fundamental contar con asesor\u00eda legal. Las aseguradoras tambi\u00e9n suelen infravalorar los reclamos y sus pagos, lo que puede hacer que las empresas tengan dificultades para recuperarse por completo del desastre.<\/p>\n<h2><strong>Por qu\u00e9 la asesor\u00eda legal es fundamental<\/strong><\/h2>\n<p>Incluso si es elegible para una reclamaci\u00f3n por p\u00e9rdida de ingresos, las compa\u00f1\u00edas de seguros a menudo presentan obst\u00e1culos que dificultan a las empresas para que reciban una compensaci\u00f3n justa. Las demoras, los pagos insuficientes o la negaci\u00f3n de su reclamo pueden dejarlo sin los recursos que necesita para recuperarse.<\/p>\n<p>Aqu\u00ed es donde la representaci\u00f3n legal puede marcar una gran diferencia. En el bufete de lesiones personales CEO Lawyer Abogados de Accidentes, nos especializamos en ayudar a las empresas a navegar por el proceso de reclamaci\u00f3n de seguro por interrupci\u00f3n comercial y luchar por la compensaci\u00f3n que merecen.<\/p>\n<p>Si su compa\u00f1\u00eda de seguros se demora u ofrece menos de lo que se le debe, nuestros abogados experimentados pueden intervenir para garantizar que su empresa se recupere financieramente de la mejor manera posible.<\/p>\n<h2><strong>Comun\u00edquese hoy mismo con el bufete de abogados de lesiones personales CEO Lawyer Abogados de Accidentes<\/strong><\/h2>\n<p>Si su empresa ha sufrido financieramente debido a la reciente explosi\u00f3n, no tiene por qu\u00e9 afrontar la p\u00e9rdida solo. Presentar la reclamaci\u00f3n por p\u00e9rdida de ingresos despu\u00e9s de la explosi\u00f3n es un paso fundamental para recuperarse de este desastre, pero el proceso puede ser complicado.<\/p>\n<p>En el bufete de abogados CEO Lawyer Abogados de Accidentes, estamos aqu\u00ed para ayudarlo en cada paso del camino.<\/p>\n<p>Nuestro equipo tiene una amplia experiencia en el manejo de reclamaciones de seguros por interrupci\u00f3n de negocios y en la lucha por la m\u00e1xima compensaci\u00f3n posible por interrupci\u00f3n de negocios. Ll\u00e1menos hoy al <a href=\"tel:+1404-410-6088\"><strong>404-410-6088<\/strong><\/a> para una consulta gratuita.<\/p>\n<p>Revisaremos su caso, lo ayudaremos a presentar su reclamo y trabajaremos para garantizar que obtenga la compensaci\u00f3n que se merece.<\/p>\n","protected":false},"excerpt":{"rendered":"<p>La reciente explosi\u00f3n de un laboratorio biol\u00f3gico en Georgia ha dejado a muchas empresas con m\u00e1s consecuencias que da\u00f1os f\u00edsicos. Muchas est\u00e1n lidiando con graves reveses financieros debido a cierres forzados, interrupciones en la cadena de producci\u00f3n y tiempo de inactividad operativa. Si su empresa ha sufrido financieramente debido a la explosi\u00f3n, es esencial que [&hellip;]<\/p>\n","protected":false},"author":18,"featured_media":0,"parent":13177,"menu_order":0,"comment_status":"closed","ping_status":"closed","template":"template-biolab-faq-single.php","meta":{"_acf_changed":false,"footnotes":""},"class_list":["post-13180","page","type-page","status-publish","hentry"],"acf":[],"yoast_head":"<!-- This site is optimized with the Yoast SEO plugin v27.5 - https:\/\/yoast.com\/product\/yoast-seo-wordpress\/ -->\n<title>\u00bfQui\u00e9n puede reclamar por p\u00e9rdida de ingresos tras la explosi\u00f3n? | CEO Lawyer<\/title>\n<meta name=\"description\" content=\"Descubra qui\u00e9n puede reclamar por la p\u00e9rdida de ingresos debido a las interrupciones de BioLab y obtenga ayuda experta de CEO Lawyer para preparar su reclamaci\u00f3n de manera efectiva.\" \/>\n<meta name=\"robots\" content=\"index, follow, max-snippet:-1, max-image-preview:large, max-video-preview:-1\" \/>\n<link rel=\"canonical\" href=\"https:\/\/ceolawyer.com\/espanol\/biolab\/faq\/quien-puede-reclamar-por-perdida-de-ingresos-debido-a-interrupciones-comerciales-o-de-negocio-a-causa-de-la-explosion\/\" \/>\n<meta property=\"og:locale\" content=\"en_US\" \/>\n<meta property=\"og:type\" content=\"article\" \/>\n<meta property=\"og:title\" content=\"\u00bfQui\u00e9n puede reclamar por p\u00e9rdida de ingresos tras la explosi\u00f3n? | CEO Lawyer\" \/>\n<meta property=\"og:description\" content=\"Descubra qui\u00e9n puede reclamar por la p\u00e9rdida de ingresos debido a las interrupciones de BioLab y obtenga ayuda experta de CEO Lawyer para preparar su reclamaci\u00f3n de manera efectiva.\" \/>\n<meta property=\"og:url\" content=\"https:\/\/ceolawyer.com\/espanol\/biolab\/faq\/quien-puede-reclamar-por-perdida-de-ingresos-debido-a-interrupciones-comerciales-o-de-negocio-a-causa-de-la-explosion\/\" \/>\n<meta property=\"og:site_name\" content=\"CEO Lawyer\" \/>\n<meta property=\"article:modified_time\" content=\"2026-03-16T15:00:10+00:00\" \/>\n<meta name=\"twitter:card\" content=\"summary_large_image\" \/>\n<meta name=\"twitter:label1\" content=\"Est. reading time\" \/>\n\t<meta name=\"twitter:data1\" content=\"6 minutes\" \/>\n<script type=\"application\/ld+json\" class=\"yoast-schema-graph\">{\"@context\":\"https:\\\/\\\/schema.org\",\"@graph\":[{\"@type\":\"WebPage\",\"@id\":\"https:\\\/\\\/ceolawyer.com\\\/espanol\\\/biolab\\\/faq\\\/quien-puede-reclamar-por-perdida-de-ingresos-debido-a-interrupciones-comerciales-o-de-negocio-a-causa-de-la-explosion\\\/\",\"url\":\"https:\\\/\\\/ceolawyer.com\\\/espanol\\\/biolab\\\/faq\\\/quien-puede-reclamar-por-perdida-de-ingresos-debido-a-interrupciones-comerciales-o-de-negocio-a-causa-de-la-explosion\\\/\",\"name\":\"\u00bfQui\u00e9n puede reclamar por p\u00e9rdida de ingresos tras la explosi\u00f3n? | CEO Lawyer\",\"isPartOf\":{\"@id\":\"https:\\\/\\\/ceolawyer.com\\\/espanol\\\/#website\"},\"datePublished\":\"2026-03-16T13:12:29+00:00\",\"dateModified\":\"2026-03-16T15:00:10+00:00\",\"description\":\"Descubra qui\u00e9n puede reclamar por la p\u00e9rdida de ingresos debido a las interrupciones de BioLab y obtenga ayuda experta de CEO Lawyer para preparar su reclamaci\u00f3n de manera efectiva.\",\"breadcrumb\":{\"@id\":\"https:\\\/\\\/ceolawyer.com\\\/espanol\\\/biolab\\\/faq\\\/quien-puede-reclamar-por-perdida-de-ingresos-debido-a-interrupciones-comerciales-o-de-negocio-a-causa-de-la-explosion\\\/#breadcrumb\"},\"inLanguage\":\"en-US\",\"potentialAction\":[{\"@type\":\"ReadAction\",\"target\":[\"https:\\\/\\\/ceolawyer.com\\\/espanol\\\/biolab\\\/faq\\\/quien-puede-reclamar-por-perdida-de-ingresos-debido-a-interrupciones-comerciales-o-de-negocio-a-causa-de-la-explosion\\\/\"]}]},{\"@type\":\"BreadcrumbList\",\"@id\":\"https:\\\/\\\/ceolawyer.com\\\/espanol\\\/biolab\\\/faq\\\/quien-puede-reclamar-por-perdida-de-ingresos-debido-a-interrupciones-comerciales-o-de-negocio-a-causa-de-la-explosion\\\/#breadcrumb\",\"itemListElement\":[{\"@type\":\"ListItem\",\"position\":1,\"name\":\"Home\",\"item\":\"https:\\\/\\\/ceolawyer.com\\\/espanol\\\/\"},{\"@type\":\"ListItem\",\"position\":2,\"name\":\"Demanda colectiva contra BioLab en Georgia\",\"item\":\"https:\\\/\\\/ceolawyer.com\\\/espanol\\\/biolab\\\/\"},{\"@type\":\"ListItem\",\"position\":3,\"name\":\"BioLab &#8211; FAQ\",\"item\":\"https:\\\/\\\/ceolawyer.com\\\/espanol\\\/biolab\\\/faq\\\/\"},{\"@type\":\"ListItem\",\"position\":4,\"name\":\"\u00bfQui\u00e9n puede reclamar por p\u00e9rdida de ingresos debido a interrupciones comerciales o de negocio a causa de la explosi\u00f3n?\"}]},{\"@type\":\"WebSite\",\"@id\":\"https:\\\/\\\/ceolawyer.com\\\/espanol\\\/#website\",\"url\":\"https:\\\/\\\/ceolawyer.com\\\/espanol\\\/\",\"name\":\"CEO Lawyer\",\"description\":\"Personal Injury Attorney\",\"publisher\":{\"@id\":\"https:\\\/\\\/ceolawyer.com\\\/espanol\\\/#organization\"},\"potentialAction\":[{\"@type\":\"SearchAction\",\"target\":{\"@type\":\"EntryPoint\",\"urlTemplate\":\"https:\\\/\\\/ceolawyer.com\\\/espanol\\\/?s={search_term_string}\"},\"query-input\":{\"@type\":\"PropertyValueSpecification\",\"valueRequired\":true,\"valueName\":\"search_term_string\"}}],\"inLanguage\":\"en-US\"},{\"@type\":\"Organization\",\"@id\":\"https:\\\/\\\/ceolawyer.com\\\/espanol\\\/#organization\",\"name\":\"CEO Lawyer\",\"url\":\"https:\\\/\\\/ceolawyer.com\\\/espanol\\\/\",\"logo\":{\"@type\":\"ImageObject\",\"inLanguage\":\"en-US\",\"@id\":\"https:\\\/\\\/ceolawyer.com\\\/espanol\\\/#\\\/schema\\\/logo\\\/image\\\/\",\"url\":\"https:\\\/\\\/ceolawyer.com\\\/espanol\\\/wp-content\\\/uploads\\\/sites\\\/2\\\/2022\\\/05\\\/CEO_Logo.png\",\"contentUrl\":\"https:\\\/\\\/ceolawyer.com\\\/espanol\\\/wp-content\\\/uploads\\\/sites\\\/2\\\/2022\\\/05\\\/CEO_Logo.png\",\"width\":200,\"height\":108,\"caption\":\"CEO Lawyer\"},\"image\":{\"@id\":\"https:\\\/\\\/ceolawyer.com\\\/espanol\\\/#\\\/schema\\\/logo\\\/image\\\/\"}}]}<\/script>\n<!-- \/ Yoast SEO plugin. -->","yoast_head_json":{"title":"\u00bfQui\u00e9n puede reclamar por p\u00e9rdida de ingresos tras la explosi\u00f3n? | CEO Lawyer","description":"Descubra qui\u00e9n puede reclamar por la p\u00e9rdida de ingresos debido a las interrupciones de BioLab y obtenga ayuda experta de CEO Lawyer para preparar su reclamaci\u00f3n de manera efectiva.","robots":{"index":"index","follow":"follow","max-snippet":"max-snippet:-1","max-image-preview":"max-image-preview:large","max-video-preview":"max-video-preview:-1"},"canonical":"https:\/\/ceolawyer.com\/espanol\/biolab\/faq\/quien-puede-reclamar-por-perdida-de-ingresos-debido-a-interrupciones-comerciales-o-de-negocio-a-causa-de-la-explosion\/","og_locale":"en_US","og_type":"article","og_title":"\u00bfQui\u00e9n puede reclamar por p\u00e9rdida de ingresos tras la explosi\u00f3n? | CEO Lawyer","og_description":"Descubra qui\u00e9n puede reclamar por la p\u00e9rdida de ingresos debido a las interrupciones de BioLab y obtenga ayuda experta de CEO Lawyer para preparar su reclamaci\u00f3n de manera efectiva.","og_url":"https:\/\/ceolawyer.com\/espanol\/biolab\/faq\/quien-puede-reclamar-por-perdida-de-ingresos-debido-a-interrupciones-comerciales-o-de-negocio-a-causa-de-la-explosion\/","og_site_name":"CEO Lawyer","article_modified_time":"2026-03-16T15:00:10+00:00","twitter_card":"summary_large_image","twitter_misc":{"Est. reading time":"6 minutes"},"schema":{"@context":"https:\/\/schema.org","@graph":[{"@type":"WebPage","@id":"https:\/\/ceolawyer.com\/espanol\/biolab\/faq\/quien-puede-reclamar-por-perdida-de-ingresos-debido-a-interrupciones-comerciales-o-de-negocio-a-causa-de-la-explosion\/","url":"https:\/\/ceolawyer.com\/espanol\/biolab\/faq\/quien-puede-reclamar-por-perdida-de-ingresos-debido-a-interrupciones-comerciales-o-de-negocio-a-causa-de-la-explosion\/","name":"\u00bfQui\u00e9n puede reclamar por p\u00e9rdida de ingresos tras la explosi\u00f3n? | CEO Lawyer","isPartOf":{"@id":"https:\/\/ceolawyer.com\/espanol\/#website"},"datePublished":"2026-03-16T13:12:29+00:00","dateModified":"2026-03-16T15:00:10+00:00","description":"Descubra qui\u00e9n puede reclamar por la p\u00e9rdida de ingresos debido a las interrupciones de BioLab y obtenga ayuda experta de CEO Lawyer para preparar su reclamaci\u00f3n de manera efectiva.","breadcrumb":{"@id":"https:\/\/ceolawyer.com\/espanol\/biolab\/faq\/quien-puede-reclamar-por-perdida-de-ingresos-debido-a-interrupciones-comerciales-o-de-negocio-a-causa-de-la-explosion\/#breadcrumb"},"inLanguage":"en-US","potentialAction":[{"@type":"ReadAction","target":["https:\/\/ceolawyer.com\/espanol\/biolab\/faq\/quien-puede-reclamar-por-perdida-de-ingresos-debido-a-interrupciones-comerciales-o-de-negocio-a-causa-de-la-explosion\/"]}]},{"@type":"BreadcrumbList","@id":"https:\/\/ceolawyer.com\/espanol\/biolab\/faq\/quien-puede-reclamar-por-perdida-de-ingresos-debido-a-interrupciones-comerciales-o-de-negocio-a-causa-de-la-explosion\/#breadcrumb","itemListElement":[{"@type":"ListItem","position":1,"name":"Home","item":"https:\/\/ceolawyer.com\/espanol\/"},{"@type":"ListItem","position":2,"name":"Demanda colectiva contra BioLab en Georgia","item":"https:\/\/ceolawyer.com\/espanol\/biolab\/"},{"@type":"ListItem","position":3,"name":"BioLab &#8211; FAQ","item":"https:\/\/ceolawyer.com\/espanol\/biolab\/faq\/"},{"@type":"ListItem","position":4,"name":"\u00bfQui\u00e9n puede reclamar por p\u00e9rdida de ingresos debido a interrupciones comerciales o de negocio a causa de la explosi\u00f3n?"}]},{"@type":"WebSite","@id":"https:\/\/ceolawyer.com\/espanol\/#website","url":"https:\/\/ceolawyer.com\/espanol\/","name":"CEO Lawyer","description":"Personal Injury Attorney","publisher":{"@id":"https:\/\/ceolawyer.com\/espanol\/#organization"},"potentialAction":[{"@type":"SearchAction","target":{"@type":"EntryPoint","urlTemplate":"https:\/\/ceolawyer.com\/espanol\/?s={search_term_string}"},"query-input":{"@type":"PropertyValueSpecification","valueRequired":true,"valueName":"search_term_string"}}],"inLanguage":"en-US"},{"@type":"Organization","@id":"https:\/\/ceolawyer.com\/espanol\/#organization","name":"CEO Lawyer","url":"https:\/\/ceolawyer.com\/espanol\/","logo":{"@type":"ImageObject","inLanguage":"en-US","@id":"https:\/\/ceolawyer.com\/espanol\/#\/schema\/logo\/image\/","url":"https:\/\/ceolawyer.com\/espanol\/wp-content\/uploads\/sites\/2\/2022\/05\/CEO_Logo.png","contentUrl":"https:\/\/ceolawyer.com\/espanol\/wp-content\/uploads\/sites\/2\/2022\/05\/CEO_Logo.png","width":200,"height":108,"caption":"CEO Lawyer"},"image":{"@id":"https:\/\/ceolawyer.com\/espanol\/#\/schema\/logo\/image\/"}}]}},"_links":{"self":[{"href":"https:\/\/ceolawyer.com\/espanol\/wp-json\/wp\/v2\/pages\/13180","targetHints":{"allow":["GET"]}}],"collection":[{"href":"https:\/\/ceolawyer.com\/espanol\/wp-json\/wp\/v2\/pages"}],"about":[{"href":"https:\/\/ceolawyer.com\/espanol\/wp-json\/wp\/v2\/types\/page"}],"author":[{"embeddable":true,"href":"https:\/\/ceolawyer.com\/espanol\/wp-json\/wp\/v2\/users\/18"}],"replies":[{"embeddable":true,"href":"https:\/\/ceolawyer.com\/espanol\/wp-json\/wp\/v2\/comments?post=13180"}],"version-history":[{"count":0,"href":"https:\/\/ceolawyer.com\/espanol\/wp-json\/wp\/v2\/pages\/13180\/revisions"}],"up":[{"embeddable":true,"href":"https:\/\/ceolawyer.com\/espanol\/wp-json\/wp\/v2\/pages\/13177"}],"wp:attachment":[{"href":"https:\/\/ceolawyer.com\/espanol\/wp-json\/wp\/v2\/media?parent=13180"}],"curies":[{"name":"wp","href":"https:\/\/api.w.org\/{rel}","templated":true}]}}