{"id":13182,"date":"2026-03-16T15:01:01","date_gmt":"2026-03-16T15:01:01","guid":{"rendered":"https:\/\/ceolawyer.com\/espanol\/?page_id=13182"},"modified":"2026-04-29T17:39:42","modified_gmt":"2026-04-29T17:39:42","slug":"quien-puede-presentar-una-demanda-contra-biolab-en-relacion-con-el-incendio","status":"publish","type":"page","link":"https:\/\/ceolawyer.com\/espanol\/biolab\/faq\/quien-puede-presentar-una-demanda-contra-biolab-en-relacion-con-el-incendio\/","title":{"rendered":"\u00bfQui\u00e9n puede presentar una demanda contra Biolab en relaci\u00f3n con el incendio?"},"content":{"rendered":"<p>El incendio y la explosi\u00f3n en las instalaciones de BioLab en Conyers, Georgia, causaron da\u00f1os importantes, ya que se liberaron sustancias qu\u00edmicas t\u00f3xicas al aire y los residentes, las empresas y los trabajadores locales sufrieron graves consecuencias. Muchas personas afectadas est\u00e1n considerando presentar una demanda contra BioLab para obtener una compensaci\u00f3n por los problemas de salud, los da\u00f1os a la propiedad y las p\u00e9rdidas econ\u00f3micas.<\/p>\n<p>Pero, \u00bfqui\u00e9n puede presentar una demanda y qu\u00e9 tipos de reclamaciones se pueden presentar?<\/p>\n<p><span data-sheets-root=\"1\">Estas preguntas frecuentes ofrecen una gu\u00eda sobre qui\u00e9nes pueden presentar una <a href=\"https:\/\/ceolawyer.com\/espanol\/biolab\/\">demanda contra BioLab<\/a><\/span>, los tipos de demandas que se pueden presentar y c\u00f3mo emprender acciones legales contra BioLab por los da\u00f1os causados \u200b\u200bpor el incendio.<\/p>\n<h2><strong>\u00bfQu\u00e9 tipos de demandas se pueden presentar contra BioLab?<\/strong><\/h2>\n<p>Se pueden presentar varios tipos de demandas legales por el incendio de BioLab seg\u00fan el impacto que usted haya sufrido:<\/p>\n<ul>\n<li><strong>Demandas por lesiones personales:<\/strong> si usted o alguien de su familia experiment\u00f3 problemas de salud como problemas respiratorios, irritaci\u00f3n de la piel o lesiones m\u00e1s graves por exposici\u00f3n a sustancias qu\u00edmicas t\u00f3xicas, puede ser elegible para una demanda por lesiones personales. Las sustancias qu\u00edmicas peligrosas liberadas durante el incendio de BioLab, incluido el cloro, pueden generar un gran impacto en su salud a largo plazo.<\/li>\n<li><strong>Demandas por da\u00f1os a la propiedad:<\/strong> los propietarios de viviendas y las empresas en el \u00e1rea afectada pueden presentar demandas por da\u00f1os a la propiedad para cubrir el costo de las reparaciones o reemplazos de edificios, veh\u00edculos o pertenencias da\u00f1adas por el incendio o la explosi\u00f3n. Los da\u00f1os causados \u200b\u200bpor el humo y los problemas estructurales causados \u200b\u200bpor la explosi\u00f3n podr\u00edan incluirse en estas demandas.<\/li>\n<li><strong>Reclamaciones por p\u00e9rdidas comerciales:<\/strong> las empresas locales que se vieron obligadas a cerrar, sufrieron da\u00f1os materiales o experimentaron interrupciones en las operaciones tambi\u00e9n pueden presentar demandas. Muchas empresas experimentaron p\u00e9rdidas significativas debido a \u00f3rdenes de evacuaci\u00f3n o contaminaci\u00f3n, y pueden solicitar una compensaci\u00f3n por la p\u00e9rdida de ingresos.<\/li>\n<li><strong>Demandas por da\u00f1os ambientales:<\/strong> adem\u00e1s de los da\u00f1os a la propiedad, algunos demandantes pueden presentar demandas relacionadas con los da\u00f1os ambientales causados \u200b\u200bpor el incendio. La contaminaci\u00f3n de la tierra, el agua y el aire en el \u00e1rea circundante podr\u00eda tener efectos a largo plazo tanto en la salud p\u00fablica como en la agricultura local.<\/li>\n<\/ul>\n<p>Cada una de estas demandas por el incendio de BioLab tiene un prop\u00f3sito diferente seg\u00fan la naturaleza del da\u00f1o sufrido, pero todas tienen como objetivo ayudar a los demandantes a recuperarse econ\u00f3micamente y obtener justicia por sus p\u00e9rdidas.<\/p>\n<h2><strong>\u00bfQui\u00e9nes califican para demandar a BioLab?<\/strong><\/h2>\n<p>La determinaci\u00f3n de qui\u00e9nes califican para demandar a BioLab depende de varios factores, principalmente de c\u00f3mo el incendio lo afect\u00f3 a usted o a su propiedad. Los siguientes grupos pueden ser elegibles:<\/p>\n<ul>\n<li><strong>Residentes locales:<\/strong> si vive cerca de las instalaciones de BioLab y estuvo expuesto a humo o sustancias qu\u00edmicas t\u00f3xicas, puede calificar para presentar una demanda, especialmente si experiment\u00f3 problemas de salud como dificultades para respirar, dolores de cabeza o irritaci\u00f3n de la piel. Los residentes cuyas casas fueron da\u00f1adas en la explosi\u00f3n tambi\u00e9n pueden presentar reclamos por da\u00f1os a la propiedad.<\/li>\n<li><strong>Propietarios de negocios:<\/strong> los negocios locales que se vieron afectados por el incendio pueden presentar demandas si sufrieron da\u00f1os a la propiedad, perdieron ingresos o tuvieron que cerrar o detener sus operaciones temporalmente. Estos negocios pueden buscar obtener una compensaci\u00f3n por el costo de las reparaciones, p\u00e9rdida de ingresos y otras interrupciones operativas.<\/li>\n<li><strong>Trabajadores y primeros respondientes:<\/strong> los empleados de las instalaciones de BioLab o los personal de primera respuesta que estuvieron expuestos a sustancias qu\u00edmicas t\u00f3xicas mientras trabajaban en el lugar, tambi\u00e9n pueden ser elegibles para una acci\u00f3n legal. Muchas de estas personas estaban atendiendo la emergencia, haciendo frente al incendio y pueden haber sufrido lesiones o sufrir efectos adversos en la salud a largo plazo como resultado de la exposici\u00f3n.<\/li>\n<\/ul>\n<p>Para poder presentar una demanda, deber\u00e1 demostrar que se vio afectado directamente por el incendio de BioLab. Consultar con un abogado le ayudar\u00e1 a determinar si es elegible y conocer la solidez de su caso.<\/p>\n<h2><strong>C\u00f3mo presentar una demanda contra BioLab por los da\u00f1os causados \u200b\u200bpor el incendio<\/strong><\/h2>\n<p>Presentar una demanda contra una gran empresa como BioLab puede parecer abrumador, pero el proceso es sencillo cuando se trabaja con un abogado experimentado. A continuaci\u00f3n, se indica c\u00f3mo puede iniciar una acci\u00f3n legal contra BioLab por los da\u00f1os causados \u200b\u200bpor el incendio:<\/p>\n<ol>\n<li><strong>Consulte con un abogado:<\/strong> el primer paso es consultar con un abogado que tenga experiencia en lesiones personales, exposici\u00f3n a sustancias t\u00f3xicas o reclamaciones ambientales. Un abogado puede evaluar su caso, ayudar a determinar si califica para una demanda individual o colectiva y explicarle el proceso legal.<\/li>\n<li><strong>Re\u00fana pruebas:<\/strong> para respaldar su demanda, re\u00fana toda la documentaci\u00f3n relevante, incluidos los registros m\u00e9dicos, las pruebas de da\u00f1os a la propiedad, los presupuestos de reparaci\u00f3n y los registros financieros que muestren la p\u00e9rdida de ingresos. Estas pruebas ayudar\u00e1n a construir un caso s\u00f3lido y demostrar el alcance de sus da\u00f1os.<\/li>\n<li><strong>Presentaci\u00f3n de la demanda:<\/strong> su abogado reunir\u00e1 la documentaci\u00f3n necesaria para presentar su demanda. Puede ser una demanda individual o puede unirse a una demanda colectiva contra BioLab si varios demandantes han sufrido da\u00f1os similares. La demanda describir\u00e1 sus da\u00f1os y la compensaci\u00f3n que busca.<\/li>\n<li><strong>Cumplir con los plazos legales: <\/strong>es importante presentar la demanda dentro del plazo legal, conocido como estatuto de limitaciones o prescripci\u00f3n. Su abogado se asegurar\u00e1 de que su demanda se presente de manera oportuna para preservar sus derechos.<\/li>\n<\/ol>\n<p>Presentar una demanda permite a las v\u00edctimas del incendio de BioLab buscar una compensaci\u00f3n por el da\u00f1o que han sufrido, ya sea por lesiones personales, da\u00f1os a la propiedad o reclamos por p\u00e9rdidas comerciales.<\/p>\n<h2><strong>\u00bfQu\u00e9 es una demanda colectiva y qui\u00e9nes son elegibles para presentarla?<\/strong><\/h2>\n<p>Una demanda colectiva contra BioLab es una acci\u00f3n legal colectiva en la que varias personas que sufrieron da\u00f1os similares, \u00a0se unen para demandar a la empresa. Esta puede ser una forma eficiente para que las personas busquen una compensaci\u00f3n, especialmente cuando muchas personas se han visto afectadas por el mismo incidente.<\/p>\n<p>La elegibilidad de los demandantes para una demanda colectiva depende de si su situaci\u00f3n coincide con la de otras personas que han sufrido da\u00f1os. Por ejemplo, si estuvo expuesto a sustancias qu\u00edmicas t\u00f3xicas y sufri\u00f3 problemas de salud como otras personas en el \u00e1rea, puede calificar para unirse a la demanda colectiva.<\/p>\n<p>Un abogado puede ayudar a determinar si es mejor unirse a una demanda colectiva o presentar un reclamo individual seg\u00fan sus circunstancias particulares.<\/p>\n<h2><strong>\u00bfQu\u00e9 compensaci\u00f3n pueden recibir los demandantes en una demanda contra BioLab?<\/strong><\/h2>\n<p>Al presentar demandas contra BioLab, los demandantes pueden tener derecho a diversas formas de compensaci\u00f3n, que incluyen:<\/p>\n<ul>\n<li><strong>Gastos m\u00e9dicos: <\/strong>compensaci\u00f3n por tratamientos m\u00e9dicos relacionados con lesiones o enfermedades causadas por la exposici\u00f3n t\u00f3xica, incluidas las estad\u00edas en el hospital, la atenci\u00f3n continua y los medicamentos.<\/li>\n<li><strong>Da\u00f1os a la propiedad:<\/strong> compensaci\u00f3n por reparaciones o reemplazo de viviendas, veh\u00edculos y otros bienes materiales da\u00f1ados por la explosi\u00f3n o el incendio.<\/li>\n<li><strong>P\u00e9rdida de ingresos: <\/strong>los propietarios o trabajadores de empresas que perdieron ingresos debido a evacuaciones, cierres o problemas de salud pueden buscar una compensaci\u00f3n por sus p\u00e9rdidas financieras.<\/li>\n<li><strong>Dolor y sufrimiento:<\/strong> los demandantes tambi\u00e9n pueden recibir da\u00f1os por la angustia emocional, la ansiedad y el sufrimiento f\u00edsico que sufrieron como resultado del incendio.<\/li>\n<\/ul>\n<p>El monto espec\u00edfico de la compensaci\u00f3n depender\u00e1 del alcance de sus p\u00e9rdidas y la evidencia que respalde su reclamo.<\/p>\n<h2><strong>Comun\u00edquese con el bufete de abogados de lesiones personales CEO Lawyer Abogados de Accidentes para presentar su demanda contra BioLab<\/strong><\/h2>\n<p>Si cree que califica para la demanda colectiva contra BioLab, es importante que act\u00fae r\u00e1pidamente para proteger sus derechos legales. Ya sea que haya sufrido problemas de salud, da\u00f1os a la propiedad o p\u00e9rdidas financieras, el equipo del bufete de abogados de lesiones personales CEO Lawyer Abogados de Accidentes est\u00e1 aqu\u00ed para ayudarlo.<\/p>\n<p>Podemos ayudarle a determinar si califica para una demanda colectiva contra BioLab o si una demanda individual es el mejor curso de acci\u00f3n para su caso.<\/p>\n<p>Ll\u00e1menos hoy al <a href=\"tel:+14044106088\"><strong>404-410-6088 <\/strong><\/a>para una consulta gratuita. Nuestros abogados experimentados luchar\u00e1n por sus derechos y trabajar\u00e1n incansablemente para garantizar que reciba la compensaci\u00f3n que merece.<\/p>\n","protected":false},"excerpt":{"rendered":"<p>El incendio y la explosi\u00f3n en las instalaciones de BioLab en Conyers, Georgia, causaron da\u00f1os importantes, ya que se liberaron sustancias qu\u00edmicas t\u00f3xicas al aire y los residentes, las empresas y los trabajadores locales sufrieron graves consecuencias. Muchas personas afectadas est\u00e1n considerando presentar una demanda contra BioLab para obtener una compensaci\u00f3n por los problemas de [&hellip;]<\/p>\n","protected":false},"author":18,"featured_media":0,"parent":13177,"menu_order":0,"comment_status":"closed","ping_status":"closed","template":"template-biolab-faq-single.php","meta":{"_acf_changed":false,"footnotes":""},"class_list":["post-13182","page","type-page","status-publish","hentry"],"acf":[],"yoast_head":"<!-- This site is optimized with the Yoast SEO plugin v27.5 - https:\/\/yoast.com\/product\/yoast-seo-wordpress\/ -->\n<title>\u00bfQui\u00e9n puede demandar a Biolab por el incendio? | CEO Lawyer<\/title>\n<meta name=\"description\" content=\"Determine su elegibilidad para presentar una demanda contra BioLab con CEO Lawyer. Descubra c\u00f3mo nuestra experiencia legal puede apoyar su proceso de reclamaci\u00f3n.\" \/>\n<meta name=\"robots\" content=\"index, follow, max-snippet:-1, max-image-preview:large, max-video-preview:-1\" \/>\n<link rel=\"canonical\" href=\"https:\/\/ceolawyer.com\/espanol\/biolab\/faq\/quien-puede-presentar-una-demanda-contra-biolab-en-relacion-con-el-incendio\/\" \/>\n<meta property=\"og:locale\" content=\"en_US\" \/>\n<meta property=\"og:type\" content=\"article\" \/>\n<meta property=\"og:title\" content=\"\u00bfQui\u00e9n puede demandar a Biolab por el incendio? | CEO Lawyer\" \/>\n<meta property=\"og:description\" content=\"Determine su elegibilidad para presentar una demanda contra BioLab con CEO Lawyer. Descubra c\u00f3mo nuestra experiencia legal puede apoyar su proceso de reclamaci\u00f3n.\" \/>\n<meta property=\"og:url\" content=\"https:\/\/ceolawyer.com\/espanol\/biolab\/faq\/quien-puede-presentar-una-demanda-contra-biolab-en-relacion-con-el-incendio\/\" \/>\n<meta property=\"og:site_name\" content=\"CEO Lawyer\" \/>\n<meta property=\"article:modified_time\" content=\"2026-04-29T17:39:42+00:00\" \/>\n<meta name=\"twitter:card\" content=\"summary_large_image\" \/>\n<meta name=\"twitter:label1\" content=\"Est. reading time\" \/>\n\t<meta name=\"twitter:data1\" content=\"6 minutes\" \/>\n<script type=\"application\/ld+json\" class=\"yoast-schema-graph\">{\"@context\":\"https:\\\/\\\/schema.org\",\"@graph\":[{\"@type\":\"WebPage\",\"@id\":\"https:\\\/\\\/ceolawyer.com\\\/espanol\\\/biolab\\\/faq\\\/quien-puede-presentar-una-demanda-contra-biolab-en-relacion-con-el-incendio\\\/\",\"url\":\"https:\\\/\\\/ceolawyer.com\\\/espanol\\\/biolab\\\/faq\\\/quien-puede-presentar-una-demanda-contra-biolab-en-relacion-con-el-incendio\\\/\",\"name\":\"\u00bfQui\u00e9n puede demandar a Biolab por el incendio? | CEO Lawyer\",\"isPartOf\":{\"@id\":\"https:\\\/\\\/ceolawyer.com\\\/espanol\\\/#website\"},\"datePublished\":\"2026-03-16T15:01:01+00:00\",\"dateModified\":\"2026-04-29T17:39:42+00:00\",\"description\":\"Determine su elegibilidad para presentar una demanda contra BioLab con CEO Lawyer. Descubra c\u00f3mo nuestra experiencia legal puede apoyar su proceso de reclamaci\u00f3n.\",\"breadcrumb\":{\"@id\":\"https:\\\/\\\/ceolawyer.com\\\/espanol\\\/biolab\\\/faq\\\/quien-puede-presentar-una-demanda-contra-biolab-en-relacion-con-el-incendio\\\/#breadcrumb\"},\"inLanguage\":\"en-US\",\"potentialAction\":[{\"@type\":\"ReadAction\",\"target\":[\"https:\\\/\\\/ceolawyer.com\\\/espanol\\\/biolab\\\/faq\\\/quien-puede-presentar-una-demanda-contra-biolab-en-relacion-con-el-incendio\\\/\"]}]},{\"@type\":\"BreadcrumbList\",\"@id\":\"https:\\\/\\\/ceolawyer.com\\\/espanol\\\/biolab\\\/faq\\\/quien-puede-presentar-una-demanda-contra-biolab-en-relacion-con-el-incendio\\\/#breadcrumb\",\"itemListElement\":[{\"@type\":\"ListItem\",\"position\":1,\"name\":\"Home\",\"item\":\"https:\\\/\\\/ceolawyer.com\\\/espanol\\\/\"},{\"@type\":\"ListItem\",\"position\":2,\"name\":\"Demanda colectiva contra BioLab en Georgia\",\"item\":\"https:\\\/\\\/ceolawyer.com\\\/espanol\\\/biolab\\\/\"},{\"@type\":\"ListItem\",\"position\":3,\"name\":\"BioLab &#8211; FAQ\",\"item\":\"https:\\\/\\\/ceolawyer.com\\\/espanol\\\/biolab\\\/faq\\\/\"},{\"@type\":\"ListItem\",\"position\":4,\"name\":\"\u00bfQui\u00e9n puede presentar una demanda contra Biolab en relaci\u00f3n con el incendio?\"}]},{\"@type\":\"WebSite\",\"@id\":\"https:\\\/\\\/ceolawyer.com\\\/espanol\\\/#website\",\"url\":\"https:\\\/\\\/ceolawyer.com\\\/espanol\\\/\",\"name\":\"CEO Lawyer\",\"description\":\"Personal Injury Attorney\",\"publisher\":{\"@id\":\"https:\\\/\\\/ceolawyer.com\\\/espanol\\\/#organization\"},\"potentialAction\":[{\"@type\":\"SearchAction\",\"target\":{\"@type\":\"EntryPoint\",\"urlTemplate\":\"https:\\\/\\\/ceolawyer.com\\\/espanol\\\/?s={search_term_string}\"},\"query-input\":{\"@type\":\"PropertyValueSpecification\",\"valueRequired\":true,\"valueName\":\"search_term_string\"}}],\"inLanguage\":\"en-US\"},{\"@type\":\"Organization\",\"@id\":\"https:\\\/\\\/ceolawyer.com\\\/espanol\\\/#organization\",\"name\":\"CEO Lawyer\",\"url\":\"https:\\\/\\\/ceolawyer.com\\\/espanol\\\/\",\"logo\":{\"@type\":\"ImageObject\",\"inLanguage\":\"en-US\",\"@id\":\"https:\\\/\\\/ceolawyer.com\\\/espanol\\\/#\\\/schema\\\/logo\\\/image\\\/\",\"url\":\"https:\\\/\\\/ceolawyer.com\\\/espanol\\\/wp-content\\\/uploads\\\/sites\\\/2\\\/2022\\\/05\\\/CEO_Logo.png\",\"contentUrl\":\"https:\\\/\\\/ceolawyer.com\\\/espanol\\\/wp-content\\\/uploads\\\/sites\\\/2\\\/2022\\\/05\\\/CEO_Logo.png\",\"width\":200,\"height\":108,\"caption\":\"CEO Lawyer\"},\"image\":{\"@id\":\"https:\\\/\\\/ceolawyer.com\\\/espanol\\\/#\\\/schema\\\/logo\\\/image\\\/\"}}]}<\/script>\n<!-- \/ Yoast SEO plugin. -->","yoast_head_json":{"title":"\u00bfQui\u00e9n puede demandar a Biolab por el incendio? | CEO Lawyer","description":"Determine su elegibilidad para presentar una demanda contra BioLab con CEO Lawyer. Descubra c\u00f3mo nuestra experiencia legal puede apoyar su proceso de reclamaci\u00f3n.","robots":{"index":"index","follow":"follow","max-snippet":"max-snippet:-1","max-image-preview":"max-image-preview:large","max-video-preview":"max-video-preview:-1"},"canonical":"https:\/\/ceolawyer.com\/espanol\/biolab\/faq\/quien-puede-presentar-una-demanda-contra-biolab-en-relacion-con-el-incendio\/","og_locale":"en_US","og_type":"article","og_title":"\u00bfQui\u00e9n puede demandar a Biolab por el incendio? | CEO Lawyer","og_description":"Determine su elegibilidad para presentar una demanda contra BioLab con CEO Lawyer. Descubra c\u00f3mo nuestra experiencia legal puede apoyar su proceso de reclamaci\u00f3n.","og_url":"https:\/\/ceolawyer.com\/espanol\/biolab\/faq\/quien-puede-presentar-una-demanda-contra-biolab-en-relacion-con-el-incendio\/","og_site_name":"CEO Lawyer","article_modified_time":"2026-04-29T17:39:42+00:00","twitter_card":"summary_large_image","twitter_misc":{"Est. reading time":"6 minutes"},"schema":{"@context":"https:\/\/schema.org","@graph":[{"@type":"WebPage","@id":"https:\/\/ceolawyer.com\/espanol\/biolab\/faq\/quien-puede-presentar-una-demanda-contra-biolab-en-relacion-con-el-incendio\/","url":"https:\/\/ceolawyer.com\/espanol\/biolab\/faq\/quien-puede-presentar-una-demanda-contra-biolab-en-relacion-con-el-incendio\/","name":"\u00bfQui\u00e9n puede demandar a Biolab por el incendio? | CEO Lawyer","isPartOf":{"@id":"https:\/\/ceolawyer.com\/espanol\/#website"},"datePublished":"2026-03-16T15:01:01+00:00","dateModified":"2026-04-29T17:39:42+00:00","description":"Determine su elegibilidad para presentar una demanda contra BioLab con CEO Lawyer. Descubra c\u00f3mo nuestra experiencia legal puede apoyar su proceso de reclamaci\u00f3n.","breadcrumb":{"@id":"https:\/\/ceolawyer.com\/espanol\/biolab\/faq\/quien-puede-presentar-una-demanda-contra-biolab-en-relacion-con-el-incendio\/#breadcrumb"},"inLanguage":"en-US","potentialAction":[{"@type":"ReadAction","target":["https:\/\/ceolawyer.com\/espanol\/biolab\/faq\/quien-puede-presentar-una-demanda-contra-biolab-en-relacion-con-el-incendio\/"]}]},{"@type":"BreadcrumbList","@id":"https:\/\/ceolawyer.com\/espanol\/biolab\/faq\/quien-puede-presentar-una-demanda-contra-biolab-en-relacion-con-el-incendio\/#breadcrumb","itemListElement":[{"@type":"ListItem","position":1,"name":"Home","item":"https:\/\/ceolawyer.com\/espanol\/"},{"@type":"ListItem","position":2,"name":"Demanda colectiva contra BioLab en Georgia","item":"https:\/\/ceolawyer.com\/espanol\/biolab\/"},{"@type":"ListItem","position":3,"name":"BioLab &#8211; FAQ","item":"https:\/\/ceolawyer.com\/espanol\/biolab\/faq\/"},{"@type":"ListItem","position":4,"name":"\u00bfQui\u00e9n puede presentar una demanda contra Biolab en relaci\u00f3n con el incendio?"}]},{"@type":"WebSite","@id":"https:\/\/ceolawyer.com\/espanol\/#website","url":"https:\/\/ceolawyer.com\/espanol\/","name":"CEO Lawyer","description":"Personal Injury Attorney","publisher":{"@id":"https:\/\/ceolawyer.com\/espanol\/#organization"},"potentialAction":[{"@type":"SearchAction","target":{"@type":"EntryPoint","urlTemplate":"https:\/\/ceolawyer.com\/espanol\/?s={search_term_string}"},"query-input":{"@type":"PropertyValueSpecification","valueRequired":true,"valueName":"search_term_string"}}],"inLanguage":"en-US"},{"@type":"Organization","@id":"https:\/\/ceolawyer.com\/espanol\/#organization","name":"CEO Lawyer","url":"https:\/\/ceolawyer.com\/espanol\/","logo":{"@type":"ImageObject","inLanguage":"en-US","@id":"https:\/\/ceolawyer.com\/espanol\/#\/schema\/logo\/image\/","url":"https:\/\/ceolawyer.com\/espanol\/wp-content\/uploads\/sites\/2\/2022\/05\/CEO_Logo.png","contentUrl":"https:\/\/ceolawyer.com\/espanol\/wp-content\/uploads\/sites\/2\/2022\/05\/CEO_Logo.png","width":200,"height":108,"caption":"CEO Lawyer"},"image":{"@id":"https:\/\/ceolawyer.com\/espanol\/#\/schema\/logo\/image\/"}}]}},"_links":{"self":[{"href":"https:\/\/ceolawyer.com\/espanol\/wp-json\/wp\/v2\/pages\/13182","targetHints":{"allow":["GET"]}}],"collection":[{"href":"https:\/\/ceolawyer.com\/espanol\/wp-json\/wp\/v2\/pages"}],"about":[{"href":"https:\/\/ceolawyer.com\/espanol\/wp-json\/wp\/v2\/types\/page"}],"author":[{"embeddable":true,"href":"https:\/\/ceolawyer.com\/espanol\/wp-json\/wp\/v2\/users\/18"}],"replies":[{"embeddable":true,"href":"https:\/\/ceolawyer.com\/espanol\/wp-json\/wp\/v2\/comments?post=13182"}],"version-history":[{"count":0,"href":"https:\/\/ceolawyer.com\/espanol\/wp-json\/wp\/v2\/pages\/13182\/revisions"}],"up":[{"embeddable":true,"href":"https:\/\/ceolawyer.com\/espanol\/wp-json\/wp\/v2\/pages\/13177"}],"wp:attachment":[{"href":"https:\/\/ceolawyer.com\/espanol\/wp-json\/wp\/v2\/media?parent=13182"}],"curies":[{"name":"wp","href":"https:\/\/api.w.org\/{rel}","templated":true}]}}