{"id":13184,"date":"2026-03-16T15:06:43","date_gmt":"2026-03-16T15:06:43","guid":{"rendered":"https:\/\/ceolawyer.com\/espanol\/?page_id=13184"},"modified":"2026-03-16T15:10:27","modified_gmt":"2026-03-16T15:10:27","slug":"que-tipos-de-compensacion-podria-estar-disponible-para-los-afectados-por-el-incendio-del-biolab","status":"publish","type":"page","link":"https:\/\/ceolawyer.com\/espanol\/biolab\/faq\/que-tipos-de-compensacion-podria-estar-disponible-para-los-afectados-por-el-incendio-del-biolab\/","title":{"rendered":"\u00bfQu\u00e9 tipos de compensaci\u00f3n podr\u00eda estar disponible para los afectados por el incendio del Biolab?"},"content":{"rendered":"<p>El incendio y la explosi\u00f3n en las instalaciones de BioLab en Conyers, Georgia, causaron una devastaci\u00f3n generalizada y afectaron la vida de los residentes, trabajadores y empresas locales. Los productos qu\u00edmicos t\u00f3xicos liberados durante el incendio provocaron problemas de salud, da\u00f1os a la propiedad y p\u00e9rdidas econ\u00f3micas significativas.<\/p>\n<p>Para los afectados, comprender las opciones de compensaci\u00f3n que pueden solicitar las v\u00edctimas del incendio de BioLab es esencial para recuperarse econ\u00f3mica y emocionalmente.<\/p>\n<p>Las v\u00edctimas del incendio de BioLab pueden ser elegibles para varios tipos de compensaci\u00f3n, seg\u00fan la naturaleza del da\u00f1o que sufrieron. Esta gu\u00eda explora las diferentes categor\u00edas de compensaci\u00f3n disponibles para las v\u00edctimas\u00a0 del incendio de BioLab y c\u00f3mo pueden comenzar a recuperarse de los da\u00f1os causados \u200b\u200bpor el incendio de BioLab.<\/p>\n<h3><strong>Gastos m\u00e9dicos y compensaci\u00f3n relacionada con la salud<\/strong><\/h3>\n<p>Una de las preocupaciones m\u00e1s urgentes despu\u00e9s del incendio de BioLab es el posible impacto en la salud por la exposici\u00f3n a sustancias qu\u00edmicas t\u00f3xicas. Cuando se liberan sustancias peligrosas al aire como el cloro, esto puede causar problemas respiratorios graves, irritaci\u00f3n de la piel e incluso enfermedades a largo plazo.<\/p>\n<p>Las personas que estuvieron expuestas a estas sustancias qu\u00edmicas nocivas pueden requerir tratamiento m\u00e9dico inmediato y continuo.<\/p>\n<p>La compensaci\u00f3n m\u00e9dica puede cubrir:<\/p>\n<ul>\n<li><strong>Atenci\u00f3n m\u00e9dica de emergencia:<\/strong> las v\u00edctimas que buscaron tratamiento m\u00e9dico de emergencia por dificultades respiratorias, quemaduras qu\u00edmicas u otras lesiones sufridas durante el incendio pueden solicitar una compensaci\u00f3n por las visitas al hospital, las cirug\u00edas y los medicamentos.<\/li>\n<li><strong>Tratamiento continuo:<\/strong> para las personas que sufrieron problemas de salud a largo plazo, como problemas respiratorios cr\u00f3nicos o afecciones de la piel, la compensaci\u00f3n tambi\u00e9n puede cubrir la atenci\u00f3n m\u00e9dica continua, la rehabilitaci\u00f3n y la terapia.<\/li>\n<li><strong>Apoyo de salud mental: <\/strong>experimentar un evento traum\u00e1tico como el incendio de BioLab puede provocar ansiedad, depresi\u00f3n o trastorno de estr\u00e9s postraum\u00e1tico (TEPT). La compensaci\u00f3n tambi\u00e9n puede cubrir la terapia o el asesoramiento por la angustia emocional causada por el incidente.<\/li>\n<\/ul>\n<p>Al recuperar los da\u00f1os causados \u200b\u200bpor el incendio de BioLab, las v\u00edctimas pueden asegurarse de recibir la atenci\u00f3n m\u00e9dica adecuada sin tener que afrontar dificultades econ\u00f3micas. Las cuentas m\u00e9dicas pueden acumularse r\u00e1pidamente, por lo que es importante explorar todas las opciones de compensaci\u00f3n disponibles que puedan tener las v\u00edctimas del incendio de BioLab.<\/p>\n<h3><strong>Da\u00f1os a la propiedad y costos de reparaci\u00f3n<\/strong><\/h3>\n<p>El incendio de BioLab caus\u00f3 da\u00f1os extensos a la propiedad que se encuentra en el \u00e1rea circundante, se afectaron hogares, veh\u00edculos y pertenencias personales. El fuego, el humo y la exposici\u00f3n a sustancias qu\u00edmicas pueden generar da\u00f1os que conllevan a reparaciones costosas o incluso la destrucci\u00f3n total de la propiedad, lo que deja a las v\u00edctimas con p\u00e9rdidas significativas.<\/p>\n<p>La compensaci\u00f3n por da\u00f1os a la propiedad puede incluir:<\/p>\n<ul>\n<li><strong>Reparaciones del hogar:<\/strong> los propietarios cuyas casas fueron da\u00f1adas por el incendio o la explosi\u00f3n pueden solicitar una compensaci\u00f3n para cubrir el costo de las reparaciones o la reconstrucci\u00f3n. Esto puede incluir reparaciones estructurales, da\u00f1os en el techo y reparaciones interiores causadas por el humo o el agua utilizados para extinguir el incendio.<\/li>\n<li><strong>Da\u00f1os al veh\u00edculo:<\/strong> los veh\u00edculos que se averiaron por la ca\u00edda de escombros o que estuvieron expuestos al humo y a las sustancias qu\u00edmicas pueden incluirse en los reclamos por da\u00f1os a la propiedad. La compensaci\u00f3n puede ayudar a cubrir las reparaciones o el costo de reemplazo.<\/li>\n<li><strong>Pertenencias personales:<\/strong> los art\u00edculos como muebles, dispositivos electr\u00f3nicos, ropa y otros objetos de valor que fueron destruidos por el incendio o el humo pueden ser elegibles para una compensaci\u00f3n.<\/li>\n<\/ul>\n<p>Si bien el seguro puede cubrir algunos de estos costos, las v\u00edctimas deben saber que los acuerdos por la explosi\u00f3n de BioLab podr\u00edan ofrecer una recuperaci\u00f3n m\u00e1s integral. <span data-sheets-root=\"1\">La <a href=\"https:\/\/ceolawyer.com\/biolab\/espanol\/\">demanda colectiva de BioLab<\/a> puede ayudar a las v\u00edctimas a obtener los fondos necesarios<\/span> para reparar o reemplazar completamente su propiedad da\u00f1ada.<\/p>\n<h2><strong>P\u00e9rdidas comerciales y p\u00e9rdida de ingresos<\/strong><\/h2>\n<p>Adem\u00e1s de los da\u00f1os f\u00edsicos, las empresas locales pueden haber sufrido p\u00e9rdidas financieras significativas debido al incendio de BioLab. Los cierres forzados, el inventario da\u00f1ado y la reducci\u00f3n del tr\u00e1fico de clientes pueden provocar graves reveses econ\u00f3micos para los propietarios de empresas. Para estas empresas, es fundamental buscar la recuperaci\u00f3n financiera despu\u00e9s del incidente de BioLab.<\/p>\n<p>La compensaci\u00f3n por las p\u00e9rdidas comerciales puede incluir:<\/p>\n<p><strong>P\u00e9rdida de ingresos:<\/strong> las empresas que se vieron obligadas a cerrar temporalmente debido al incendio o la contaminaci\u00f3n pueden recuperar los ingresos que perdieron durante ese per\u00edodo. La compensaci\u00f3n tambi\u00e9n puede cubrir cualquier p\u00e9rdida de ingresos a largo plazo resultante de la interrupci\u00f3n.<\/p>\n<p><strong>Da\u00f1os a la propiedad:<\/strong> las propiedades comerciales que sufrieron da\u00f1os f\u00edsicos, como escaparates, almacenes o edificios de oficinas, pueden solicitar una compensaci\u00f3n por el costo de las reparaciones.<\/p>\n<p><strong>Salarios de los empleados:<\/strong> los propietarios de empresas tambi\u00e9n pueden tener derecho a una compensaci\u00f3n para cubrir los salarios que tuvieron que pagar a los empleados durante el per\u00edodo de cierre o reducci\u00f3n de operaciones.<\/p>\n<p>Recuperar los da\u00f1os causados \u200b\u200bpor el incendio de BioLab es esencial para ayudar a las empresas locales a reanudar sus operaciones y evitar da\u00f1os financieros a largo plazo. Los propietarios de empresas deben evaluar cuidadosamente el alcance total de sus p\u00e9rdidas y reclamar la compensaci\u00f3n a la que tienen derecho.<\/p>\n<h2><strong>Compensaci\u00f3n por dolor y sufrimiento<\/strong><\/h2>\n<p>El incendio de BioLab no solo caus\u00f3 da\u00f1os econ\u00f3micos y f\u00edsicos, sino que tambi\u00e9n dej\u00f3 un da\u00f1o emocional y psicol\u00f3gico duradero en muchas v\u00edctimas. La compensaci\u00f3n por dolor y sufrimiento est\u00e1 dise\u00f1ada para abordar los da\u00f1os no econ\u00f3micos que experimentaron las v\u00edctimas debido al incidente.<\/p>\n<p>Este tipo de compensaci\u00f3n puede incluir:<\/p>\n<ul>\n<li><strong>Aflicci\u00f3n emocional:<\/strong> el miedo, la ansiedad y el trauma emocional causados \u200b\u200bpor el la explosi\u00f3n y el incendio pueden tener efectos duraderos. Las v\u00edctimas pueden buscar compensaci\u00f3n por la angustia mental sufrida.<\/li>\n<li><strong>P\u00e9rdida del disfrute de la vida: <\/strong>para las personas que sufren problemas de salud a largo plazo o limitaciones f\u00edsicas debido al incendio, la compensaci\u00f3n puede cubrir la p\u00e9rdida de su capacidad para participar en actividades que alguna vez disfrutaron.<\/li>\n<li><strong>Dolor f\u00edsico:<\/strong> quienes sufrieron lesiones durante el incendio pueden recibir una compensaci\u00f3n por el dolor f\u00edsico que sufrieron, incluido el dolor resultante de cirug\u00edas, quemaduras o problemas respiratorios.<\/li>\n<\/ul>\n<p>Las opciones de compensaci\u00f3n para las v\u00edctimas del incendio de BioLab incluyen tanto las p\u00e9rdidas econ\u00f3micas como el sufrimiento mental y f\u00edsico que experimentaron como resultado del incendio. Es importante considerar el impacto emocional del incidente al buscar una compensaci\u00f3n.<\/p>\n<h2><strong>Compensaci\u00f3n por muerte por negligencia<\/strong><\/h2>\n<p>En casos tr\u00e1gicos en los que las personas perdieron la vida debido al incendio de BioLab, sus familias pueden tener derecho a una compensaci\u00f3n por muerte por negligencia. Los acuerdos por la explosi\u00f3n de BioLab pueden ayudar a las familias en duelo a cubrir el costo financiero y emocional de perder a un ser querido.<\/p>\n<p>La compensaci\u00f3n por muerte por negligencia puede incluir:<\/p>\n<ul>\n<li><strong>Gastos funerarios y de entierro:<\/strong> las familias pueden solicitar una compensaci\u00f3n para cubrir el costo de los servicios funerarios y los arreglos del entierro.<\/li>\n<li><strong>P\u00e9rdida de ingresos y apoyo:<\/strong> si el fallecido era el principal proveedor de su familia, la compensaci\u00f3n puede ayudar a cubrir el apoyo financiero que habr\u00eda brindado.<\/li>\n<li><strong>P\u00e9rdida de compa\u00f1\u00eda: <\/strong>las familias tambi\u00e9n pueden recibir una compensaci\u00f3n por la p\u00e9rdida emocional de un ser querido, incluida la p\u00e9rdida de compa\u00f1\u00eda, orientaci\u00f3n y apoyo emocional.<\/li>\n<\/ul>\n<p>Si bien ninguna cantidad de dinero puede reemplazar a un ser querido, la recuperaci\u00f3n de los da\u00f1os causados \u200b\u200bpor el incendio de BioLab puede ayudar a las familias a manejar la tensi\u00f3n financiera durante un momento dif\u00edcil.<\/p>\n<h2><strong>Costos ambientales y de limpieza<\/strong><\/h2>\n<p>Los qu\u00edmicos t\u00f3xicos liberados durante el incendio de BioLab pueden haber causado da\u00f1os ambientales duraderos, contaminando el aire, el agua y el suelo. Los propietarios y los municipios aleda\u00f1os pueden solicitar una compensaci\u00f3n para cubrir los costos de limpieza y restauraci\u00f3n.<\/p>\n<p>La compensaci\u00f3n ambiental puede incluir:<\/p>\n<ul>\n<li><strong>Descontaminaci\u00f3n del suelo y el agua:<\/strong> si se contaminaron tierras agr\u00edcolas o fuentes de agua, las v\u00edctimas pueden solicitar una compensaci\u00f3n por el costo de descontaminaci\u00f3n del \u00e1rea.<\/li>\n<li><strong>Restauraci\u00f3n de la calidad del aire: <\/strong>para mejorar la calidad del aire y eliminar part\u00edculas t\u00f3xicas del aire, es posible que sea necesario instalar sistemas de filtraci\u00f3n de aire o realizar diversas pruebas de calidad del aire.<\/li>\n<li><strong>Costos de limpieza: <\/strong>es posible que los propietarios deban pagar las pruebas ambientales y los esfuerzos de limpieza para garantizar que su tierra sea segura para volver a usarse.<\/li>\n<\/ul>\n<p>La b\u00fasqueda de una recuperaci\u00f3n financiera despu\u00e9s del incidente de BioLab puede ayudar a sobrellevar el da\u00f1o ambiental causado por el incendio y garantizar que el \u00e1rea sea segura para su uso futuro.<\/p>\n<h2><strong>Busque ayuda legal para obtener la m\u00e1xima compensaci\u00f3n posible<\/strong><\/h2>\n<p>Si se vio afectado por el incendio de BioLab, es fundamental que explore todas las posibles alternativas de compensaci\u00f3n que tienen a su disposici\u00f3n las v\u00edctimas del incendio de BioLab. Los abogados experimentados del bufete de abogados de lesiones personales CEO Lawyer Abogados de Accidentes pueden ayudar a evaluar su caso, reunir pruebas y luchar para obtener la m\u00e1xima compensaci\u00f3n posible que usted se merece.<\/p>\n<p>Comun\u00edquese con nosotros hoy mismo al <a href=\"tel:+14044106088\"><strong>404-410-6088<\/strong><\/a> para una consulta gratuita. Lo guiaremos a trav\u00e9s del proceso de recuperaci\u00f3n econ\u00f3mica por los da\u00f1os causados \u200b\u200bpor el incendio de BioLab y nos aseguraremos de que sus derechos est\u00e9n protegidos.<\/p>\n","protected":false},"excerpt":{"rendered":"<p>El incendio y la explosi\u00f3n en las instalaciones de BioLab en Conyers, Georgia, causaron una devastaci\u00f3n generalizada y afectaron la vida de los residentes, trabajadores y empresas locales. Los productos qu\u00edmicos t\u00f3xicos liberados durante el incendio provocaron problemas de salud, da\u00f1os a la propiedad y p\u00e9rdidas econ\u00f3micas significativas. Para los afectados, comprender las opciones de [&hellip;]<\/p>\n","protected":false},"author":18,"featured_media":0,"parent":13177,"menu_order":0,"comment_status":"closed","ping_status":"closed","template":"template-biolab-faq-single.php","meta":{"_acf_changed":false,"footnotes":""},"class_list":["post-13184","page","type-page","status-publish","hentry"],"acf":[],"yoast_head":"<!-- This site is optimized with the Yoast SEO plugin v27.2 - https:\/\/yoast.com\/product\/yoast-seo-wordpress\/ -->\n<title>\u00bfQu\u00e9 compensaci\u00f3n hay para afectados por el incendio de Biolab? | CEO Lawyer<\/title>\n<meta name=\"description\" content=\"Comprenda la compensaci\u00f3n por los impactos del incendio de BioLab con CEO Lawyer. Explore opciones para cubrir costos m\u00e9dicos, reparaciones de propiedad y m\u00e1s.\" \/>\n<meta name=\"robots\" content=\"index, follow, max-snippet:-1, max-image-preview:large, max-video-preview:-1\" \/>\n<link rel=\"canonical\" href=\"https:\/\/ceolawyer.com\/espanol\/biolab\/faq\/que-tipos-de-compensacion-podria-estar-disponible-para-los-afectados-por-el-incendio-del-biolab\/\" \/>\n<meta property=\"og:locale\" content=\"en_US\" \/>\n<meta property=\"og:type\" content=\"article\" \/>\n<meta property=\"og:title\" content=\"\u00bfQu\u00e9 compensaci\u00f3n hay para afectados por el incendio de Biolab? | CEO Lawyer\" \/>\n<meta property=\"og:description\" content=\"Comprenda la compensaci\u00f3n por los impactos del incendio de BioLab con CEO Lawyer. Explore opciones para cubrir costos m\u00e9dicos, reparaciones de propiedad y m\u00e1s.\" \/>\n<meta property=\"og:url\" content=\"https:\/\/ceolawyer.com\/espanol\/biolab\/faq\/que-tipos-de-compensacion-podria-estar-disponible-para-los-afectados-por-el-incendio-del-biolab\/\" \/>\n<meta property=\"og:site_name\" content=\"CEO Lawyer\" \/>\n<meta property=\"article:modified_time\" content=\"2026-03-16T15:10:27+00:00\" \/>\n<meta name=\"twitter:card\" content=\"summary_large_image\" \/>\n<meta name=\"twitter:label1\" content=\"Est. reading time\" \/>\n\t<meta name=\"twitter:data1\" content=\"7 minutes\" \/>\n<script type=\"application\/ld+json\" class=\"yoast-schema-graph\">{\"@context\":\"https:\/\/schema.org\",\"@graph\":[{\"@type\":\"WebPage\",\"@id\":\"https:\/\/ceolawyer.com\/espanol\/biolab\/faq\/que-tipos-de-compensacion-podria-estar-disponible-para-los-afectados-por-el-incendio-del-biolab\/\",\"url\":\"https:\/\/ceolawyer.com\/espanol\/biolab\/faq\/que-tipos-de-compensacion-podria-estar-disponible-para-los-afectados-por-el-incendio-del-biolab\/\",\"name\":\"\u00bfQu\u00e9 compensaci\u00f3n hay para afectados por el incendio de Biolab? | CEO Lawyer\",\"isPartOf\":{\"@id\":\"https:\/\/ceolawyer.com\/espanol\/#website\"},\"datePublished\":\"2026-03-16T15:06:43+00:00\",\"dateModified\":\"2026-03-16T15:10:27+00:00\",\"description\":\"Comprenda la compensaci\u00f3n por los impactos del incendio de BioLab con CEO Lawyer. Explore opciones para cubrir costos m\u00e9dicos, reparaciones de propiedad y m\u00e1s.\",\"breadcrumb\":{\"@id\":\"https:\/\/ceolawyer.com\/espanol\/biolab\/faq\/que-tipos-de-compensacion-podria-estar-disponible-para-los-afectados-por-el-incendio-del-biolab\/#breadcrumb\"},\"inLanguage\":\"en-US\",\"potentialAction\":[{\"@type\":\"ReadAction\",\"target\":[\"https:\/\/ceolawyer.com\/espanol\/biolab\/faq\/que-tipos-de-compensacion-podria-estar-disponible-para-los-afectados-por-el-incendio-del-biolab\/\"]}]},{\"@type\":\"BreadcrumbList\",\"@id\":\"https:\/\/ceolawyer.com\/espanol\/biolab\/faq\/que-tipos-de-compensacion-podria-estar-disponible-para-los-afectados-por-el-incendio-del-biolab\/#breadcrumb\",\"itemListElement\":[{\"@type\":\"ListItem\",\"position\":1,\"name\":\"Home\",\"item\":\"https:\/\/ceolawyer.com\/espanol\/\"},{\"@type\":\"ListItem\",\"position\":2,\"name\":\"Demanda colectiva contra BioLab en Georgia\",\"item\":\"https:\/\/ceolawyer.com\/espanol\/biolab\/\"},{\"@type\":\"ListItem\",\"position\":3,\"name\":\"BioLab &#8211; FAQ\",\"item\":\"https:\/\/ceolawyer.com\/espanol\/biolab\/faq\/\"},{\"@type\":\"ListItem\",\"position\":4,\"name\":\"\u00bfQu\u00e9 tipos de compensaci\u00f3n podr\u00eda estar disponible para los afectados por el incendio del Biolab?\"}]},{\"@type\":\"WebSite\",\"@id\":\"https:\/\/ceolawyer.com\/espanol\/#website\",\"url\":\"https:\/\/ceolawyer.com\/espanol\/\",\"name\":\"CEO Lawyer\",\"description\":\"Personal Injury Attorney\",\"publisher\":{\"@id\":\"https:\/\/ceolawyer.com\/espanol\/#organization\"},\"potentialAction\":[{\"@type\":\"SearchAction\",\"target\":{\"@type\":\"EntryPoint\",\"urlTemplate\":\"https:\/\/ceolawyer.com\/espanol\/?s={search_term_string}\"},\"query-input\":{\"@type\":\"PropertyValueSpecification\",\"valueRequired\":true,\"valueName\":\"search_term_string\"}}],\"inLanguage\":\"en-US\"},{\"@type\":\"Organization\",\"@id\":\"https:\/\/ceolawyer.com\/espanol\/#organization\",\"name\":\"CEO Lawyer\",\"url\":\"https:\/\/ceolawyer.com\/espanol\/\",\"logo\":{\"@type\":\"ImageObject\",\"inLanguage\":\"en-US\",\"@id\":\"https:\/\/ceolawyer.com\/espanol\/#\/schema\/logo\/image\/\",\"url\":\"https:\/\/ceolawyer.com\/espanol\/wp-content\/uploads\/sites\/2\/2022\/05\/CEO_Logo.png\",\"contentUrl\":\"https:\/\/ceolawyer.com\/espanol\/wp-content\/uploads\/sites\/2\/2022\/05\/CEO_Logo.png\",\"width\":200,\"height\":108,\"caption\":\"CEO Lawyer\"},\"image\":{\"@id\":\"https:\/\/ceolawyer.com\/espanol\/#\/schema\/logo\/image\/\"}}]}<\/script>\n<!-- \/ Yoast SEO plugin. -->","yoast_head_json":{"title":"\u00bfQu\u00e9 compensaci\u00f3n hay para afectados por el incendio de Biolab? | CEO Lawyer","description":"Comprenda la compensaci\u00f3n por los impactos del incendio de BioLab con CEO Lawyer. Explore opciones para cubrir costos m\u00e9dicos, reparaciones de propiedad y m\u00e1s.","robots":{"index":"index","follow":"follow","max-snippet":"max-snippet:-1","max-image-preview":"max-image-preview:large","max-video-preview":"max-video-preview:-1"},"canonical":"https:\/\/ceolawyer.com\/espanol\/biolab\/faq\/que-tipos-de-compensacion-podria-estar-disponible-para-los-afectados-por-el-incendio-del-biolab\/","og_locale":"en_US","og_type":"article","og_title":"\u00bfQu\u00e9 compensaci\u00f3n hay para afectados por el incendio de Biolab? | CEO Lawyer","og_description":"Comprenda la compensaci\u00f3n por los impactos del incendio de BioLab con CEO Lawyer. Explore opciones para cubrir costos m\u00e9dicos, reparaciones de propiedad y m\u00e1s.","og_url":"https:\/\/ceolawyer.com\/espanol\/biolab\/faq\/que-tipos-de-compensacion-podria-estar-disponible-para-los-afectados-por-el-incendio-del-biolab\/","og_site_name":"CEO Lawyer","article_modified_time":"2026-03-16T15:10:27+00:00","twitter_card":"summary_large_image","twitter_misc":{"Est. reading time":"7 minutes"},"schema":{"@context":"https:\/\/schema.org","@graph":[{"@type":"WebPage","@id":"https:\/\/ceolawyer.com\/espanol\/biolab\/faq\/que-tipos-de-compensacion-podria-estar-disponible-para-los-afectados-por-el-incendio-del-biolab\/","url":"https:\/\/ceolawyer.com\/espanol\/biolab\/faq\/que-tipos-de-compensacion-podria-estar-disponible-para-los-afectados-por-el-incendio-del-biolab\/","name":"\u00bfQu\u00e9 compensaci\u00f3n hay para afectados por el incendio de Biolab? | CEO Lawyer","isPartOf":{"@id":"https:\/\/ceolawyer.com\/espanol\/#website"},"datePublished":"2026-03-16T15:06:43+00:00","dateModified":"2026-03-16T15:10:27+00:00","description":"Comprenda la compensaci\u00f3n por los impactos del incendio de BioLab con CEO Lawyer. Explore opciones para cubrir costos m\u00e9dicos, reparaciones de propiedad y m\u00e1s.","breadcrumb":{"@id":"https:\/\/ceolawyer.com\/espanol\/biolab\/faq\/que-tipos-de-compensacion-podria-estar-disponible-para-los-afectados-por-el-incendio-del-biolab\/#breadcrumb"},"inLanguage":"en-US","potentialAction":[{"@type":"ReadAction","target":["https:\/\/ceolawyer.com\/espanol\/biolab\/faq\/que-tipos-de-compensacion-podria-estar-disponible-para-los-afectados-por-el-incendio-del-biolab\/"]}]},{"@type":"BreadcrumbList","@id":"https:\/\/ceolawyer.com\/espanol\/biolab\/faq\/que-tipos-de-compensacion-podria-estar-disponible-para-los-afectados-por-el-incendio-del-biolab\/#breadcrumb","itemListElement":[{"@type":"ListItem","position":1,"name":"Home","item":"https:\/\/ceolawyer.com\/espanol\/"},{"@type":"ListItem","position":2,"name":"Demanda colectiva contra BioLab en Georgia","item":"https:\/\/ceolawyer.com\/espanol\/biolab\/"},{"@type":"ListItem","position":3,"name":"BioLab &#8211; FAQ","item":"https:\/\/ceolawyer.com\/espanol\/biolab\/faq\/"},{"@type":"ListItem","position":4,"name":"\u00bfQu\u00e9 tipos de compensaci\u00f3n podr\u00eda estar disponible para los afectados por el incendio del Biolab?"}]},{"@type":"WebSite","@id":"https:\/\/ceolawyer.com\/espanol\/#website","url":"https:\/\/ceolawyer.com\/espanol\/","name":"CEO Lawyer","description":"Personal Injury Attorney","publisher":{"@id":"https:\/\/ceolawyer.com\/espanol\/#organization"},"potentialAction":[{"@type":"SearchAction","target":{"@type":"EntryPoint","urlTemplate":"https:\/\/ceolawyer.com\/espanol\/?s={search_term_string}"},"query-input":{"@type":"PropertyValueSpecification","valueRequired":true,"valueName":"search_term_string"}}],"inLanguage":"en-US"},{"@type":"Organization","@id":"https:\/\/ceolawyer.com\/espanol\/#organization","name":"CEO Lawyer","url":"https:\/\/ceolawyer.com\/espanol\/","logo":{"@type":"ImageObject","inLanguage":"en-US","@id":"https:\/\/ceolawyer.com\/espanol\/#\/schema\/logo\/image\/","url":"https:\/\/ceolawyer.com\/espanol\/wp-content\/uploads\/sites\/2\/2022\/05\/CEO_Logo.png","contentUrl":"https:\/\/ceolawyer.com\/espanol\/wp-content\/uploads\/sites\/2\/2022\/05\/CEO_Logo.png","width":200,"height":108,"caption":"CEO Lawyer"},"image":{"@id":"https:\/\/ceolawyer.com\/espanol\/#\/schema\/logo\/image\/"}}]}},"_links":{"self":[{"href":"https:\/\/ceolawyer.com\/espanol\/wp-json\/wp\/v2\/pages\/13184","targetHints":{"allow":["GET"]}}],"collection":[{"href":"https:\/\/ceolawyer.com\/espanol\/wp-json\/wp\/v2\/pages"}],"about":[{"href":"https:\/\/ceolawyer.com\/espanol\/wp-json\/wp\/v2\/types\/page"}],"author":[{"embeddable":true,"href":"https:\/\/ceolawyer.com\/espanol\/wp-json\/wp\/v2\/users\/18"}],"replies":[{"embeddable":true,"href":"https:\/\/ceolawyer.com\/espanol\/wp-json\/wp\/v2\/comments?post=13184"}],"version-history":[{"count":0,"href":"https:\/\/ceolawyer.com\/espanol\/wp-json\/wp\/v2\/pages\/13184\/revisions"}],"up":[{"embeddable":true,"href":"https:\/\/ceolawyer.com\/espanol\/wp-json\/wp\/v2\/pages\/13177"}],"wp:attachment":[{"href":"https:\/\/ceolawyer.com\/espanol\/wp-json\/wp\/v2\/media?parent=13184"}],"curies":[{"name":"wp","href":"https:\/\/api.w.org\/{rel}","templated":true}]}}