{"id":13189,"date":"2026-03-16T15:24:59","date_gmt":"2026-03-16T15:24:59","guid":{"rendered":"https:\/\/ceolawyer.com\/espanol\/?page_id=13189"},"modified":"2026-03-16T15:37:12","modified_gmt":"2026-03-16T15:37:12","slug":"que-debo-hacer-si-he-sufrido-danos-materiales-en-mi-hogar-o-en-mi-negocio-debido-a-la-explosion","status":"publish","type":"page","link":"https:\/\/ceolawyer.com\/espanol\/biolab\/faq\/que-debo-hacer-si-he-sufrido-danos-materiales-en-mi-hogar-o-en-mi-negocio-debido-a-la-explosion\/","title":{"rendered":"\u00bfQu\u00e9 debo hacer si he sufrido da\u00f1os materiales en mi hogar o en mi negocio debido a la explosi\u00f3n?"},"content":{"rendered":"<p>Cuando un desastre inesperado ocurre, las consecuencias pueden hacer que los propietarios de viviendas y de empresas tengan que enfrentar los da\u00f1os que han sufrido sus propiedades. La reciente explosi\u00f3n de Biolab en Georgia, ha causado una destrucci\u00f3n significativa y ha dejado a innumerables residentes y empresarios lidiando con las p\u00e9rdidas econ\u00f3micas.<\/p>\n<p>Ya sea que haya sufrido da\u00f1os estructurales en su vivienda, p\u00e9rdida de inventario en su negocio o ventanas y equipos rotos, conocer los pasos a seguir despu\u00e9s de un evento de este tipo es fundamental para proteger su futuro financiero.<\/p>\n<p>Si su propiedad ha sufrido da\u00f1os debido a esta explosi\u00f3n, comprender sus derechos, el proceso de reclamaci\u00f3n y c\u00f3mo solicitar una compensaci\u00f3n por da\u00f1os a la propiedad puede resultar abrumador. A continuaci\u00f3n, le explicaremos exactamente qu\u00e9 hacer si ha sufrido da\u00f1os en su propiedad debido a una explosi\u00f3n, ya sea su casa o su negocio.<\/p>\n<h2><strong>Evaluaci\u00f3n de los da\u00f1os a su propiedad<\/strong><\/h2>\n<p>Lo primero que deber\u00eda hacer despu\u00e9s de una explosi\u00f3n es evaluar el alcance de los da\u00f1os. Esto es fundamental no s\u00f3lo para garantizar su seguridad, sino tambi\u00e9n para asegurarse de que cuenta con todas las pruebas necesarias para respaldar su reclamaci\u00f3n.<\/p>\n<h3><strong>Propietarios de viviendas<\/strong><\/h3>\n<p>Inspeccione su casa para detectar da\u00f1os estructurales, como grietas en las paredes, ventanas rotas o da\u00f1os en el techo. Preste especial atenci\u00f3n a cualquier da\u00f1o en sistemas importantes como la plomer\u00eda, el sistema el\u00e9ctrico o la calefacci\u00f3n.<\/p>\n<p>Incluso si algo parece menor, es importante documentarlo, ya que algunos problemas pueden empeorar con el tiempo o generar inconvenientes futuros.<\/p>\n<h3><strong>Propietarios de empresas y negocios<\/strong><\/h3>\n<p>Los da\u00f1os a su negocio pueden ir m\u00e1s all\u00e1 de la estructura f\u00edsica de las instalaciones. La p\u00e9rdida de inventario, la destrucci\u00f3n de equipos cr\u00edticos o incluso la incapacidad para operar puede tener un impacto financiero devastador.<\/p>\n<p>El impacto comercial de los da\u00f1os relacionados con explosiones puede incluir p\u00e9rdida de ingresos durante el tiempo de inactividad, interrupciones en la cadena de producci\u00f3n y p\u00e9rdida de clientes. Todos estos factores deben documentarse.<\/p>\n<p>Utilice su tel\u00e9fono para tomar fotograf\u00edas y videos detallados de cualquier da\u00f1o que encuentre. Esta documentaci\u00f3n ser\u00e1 clave cuando presente su reclamo ante la aseguradora o busque compensaci\u00f3n legal.<\/p>\n<h2><strong>C\u00f3mo reportar los da\u00f1os materiales tras una explosi\u00f3n<\/strong><\/h2>\n<p>Una vez que haya evaluado los da\u00f1os, es hora de reportarlos. Informar sobre los da\u00f1os materiales sufridos tras una explosi\u00f3n lo antes posible es fundamental para garantizar que cumple con los plazos de la compa\u00f1\u00eda de seguros y evitar retrasos en su reclamaci\u00f3n.<\/p>\n<p><strong>Para propietarios de viviendas:<\/strong> p\u00f3ngase en contacto con la compa\u00f1\u00eda de seguros cuya p\u00f3liza cubre su vivienda de inmediato. Es probable que env\u00eden un corredor para evaluar los da\u00f1os y determinar la indemnizaci\u00f3n a la que tiene derecho. Est\u00e9 preparado para proporcionar toda la documentaci\u00f3n que ha reunido.<\/p>\n<p><strong>Para propietarios de empresas: <\/strong>adem\u00e1s de la cobertura de propiedad comercial, es posible que tambi\u00e9n deba ponerse en contacto con su corredor de seguros por la interrupci\u00f3n de su negocio. Esto es importante si ha perdido ingresos debido a la incapacidad de operar. Tenga en cuenta que la demora en la presentaci\u00f3n de reportes puede dar lugar a una reducci\u00f3n o negaci\u00f3n de su reclamo, as\u00ed que act\u00fae r\u00e1pidamente.<\/p>\n<p>Aseg\u00farese de conservar una copia de cada reporte que presente, ya sea ante su aseguradora, las autoridades locales u otras entidades. El registro presentado por escrito puede proteger sus derechos en caso de que m\u00e1s adelante se presenten disputas.<\/p>\n<h2><strong>C\u00f3mo presentar una reclamaci\u00f3n a la compa\u00f1\u00eda de seguros por explosi\u00f3n<\/strong><\/h2>\n<p>El siguiente paso es presentar la reclamaci\u00f3n a la compa\u00f1\u00eda de seguros por explosi\u00f3n. Este proceso puede ser complicado, pero si se organiza y se prepara, aumentar\u00e1n las posibilidades de que el resultado sea positivo y obtenga compensaci\u00f3n.<\/p>\n<h3><strong>Reclamaciones por da\u00f1os en el hogar debido a una explosi\u00f3n<\/strong><\/h3>\n<p>Los propietarios afectados por una explosi\u00f3n normalmente presentan reclamaciones ante las compa\u00f1\u00edas de seguros a trav\u00e9s de sus p\u00f3lizas de seguro de vivienda. Sin embargo, seg\u00fan la cobertura de su p\u00f3liza, es posible que determinados tipos de da\u00f1os no se encuentren totalmente cubiertos.<\/p>\n<p>Por ejemplo, algunas p\u00f3lizas pueden cubrir los da\u00f1os estructurales de su hogar, pero pueden excluir los gastos de manutenci\u00f3n adicionales si necesita mudarse a otra\u00a0 locaci\u00f3n durante las reparaciones. Aseg\u00farese de revisar su p\u00f3liza detenidamente para comprender qu\u00e9 est\u00e1 cubierto y qu\u00e9 no.<\/p>\n<h3><strong>Reclamaciones por da\u00f1os y perjuicios comerciales<\/strong><\/h3>\n<p>Presentar una reclamaci\u00f3n de seguro comercial es m\u00e1s complejo porque puede implicar diferentes tipos de p\u00f3lizas, por ejemplo un seguro de propiedad por da\u00f1os f\u00edsicos o un seguro por interrupci\u00f3n comercial para cubrir la p\u00e9rdida de ingresos. El impacto comercial de una explosi\u00f3n va m\u00e1s all\u00e1 de los da\u00f1os f\u00edsicos: afecta la subsistencia de su negocio, y presentar correctamente ambas reclamaciones es esencial para su recuperaci\u00f3n econ\u00f3mica.<\/p>\n<p>Su aseguradora puede impugnar ciertos aspectos de la reclamaci\u00f3n, como el monto de los ingresos perdidos, as\u00ed que aseg\u00farese de tener listos los registros financieros detallados.<\/p>\n<p>Si tiene dificultades con su compa\u00f1\u00eda de seguros, como disputas sobre la cobertura o demoras en el procesamiento de la reclamaci\u00f3n, consultar a un abogado puede ayudarlo a superar estos obst\u00e1culos.<\/p>\n<h2><strong>Entender la compensaci\u00f3n por da\u00f1os a la propiedad<\/strong><\/h2>\n<p>Entender lo que implica la compensaci\u00f3n por da\u00f1os a la propiedad puede ayudarle a establecer expectativas realistas para el proceso de reclamaci\u00f3n. La compensaci\u00f3n puede incluir:<\/p>\n<p><strong>Reparaciones o reemplazos:<\/strong> cubrir los costos de reparar o reemplazar las partes da\u00f1adas de su hogar o propiedad comercial.<\/p>\n<p><strong>P\u00e9rdida de ingresos:<\/strong> para las empresas, la compensaci\u00f3n podr\u00eda incluir la p\u00e9rdida de ingresos durante el per\u00edodo en que no pueda operar.<\/p>\n<p><strong>Gastos de vida adicionales:<\/strong> si necesita mudarse temporalmente debido a los da\u00f1os, necesita saber si tiene derecho a cubrir gastos de hoteles o alquileres.<\/p>\n<p>Sin embargo, en algunos casos,\u00a0 su seguro puede no cubrir todos estos gastos, en particular si su p\u00f3liza tiene algunas exclusiones relacionadas con explosiones o desastres naturales. Cuando esto sucede, buscar asistencia legal inmediata para reclamar una compensaci\u00f3n puede ser fundamental.<\/p>\n<h2><strong>Por qu\u00e9 necesita asistencia legal<\/strong><\/h2>\n<p>Si bien presentar una reclamaci\u00f3n de seguro puede parecer sencillo, pueden surgir muchas complicaciones. Las aseguradoras a menudo disputan las reclamaciones, ofrecen acuerdos bajos o demoran los pagos.<\/p>\n<p>En este caso, trabajar con un abogado con experiencia en lesiones personales y da\u00f1os a la propiedad puede marcar la diferencia.<\/p>\n<p>En el bufete de abogados de lesiones personales CEO Lawyer Abogados de Accidentes, nos especializamos en ayudar a las v\u00edctimas de explosiones, desastres naturales y otros eventos catastr\u00f3ficos y a obtener la compensaci\u00f3n que merecen. Si sus reclamaciones por da\u00f1os a la vivienda debido a una explosi\u00f3n o el impacto comercial por explosiones son rechazadas o se retrasan, podemos intervenir para defenderlo.<\/p>\n<p>Nuestro equipo tiene a\u00f1os de experiencia en el manejo de reclamaciones ante compa\u00f1\u00edas de seguros por explosiones y siempre buscamos la m\u00e1xima compensaci\u00f3n para nuestros clientes. Entendemos las t\u00e1cticas que utilizan las aseguradoras para minimizar los pagos y sabemos c\u00f3mo contraatacar para garantizar que obtenga lo que le corresponde.<\/p>\n<p>No permita que las compa\u00f1\u00edas de seguros dicten el resultado de su reclamaci\u00f3n. Si ha sufrido da\u00f1os a la propiedad debido a la reciente explosi\u00f3n en Georgia, es fundamental que act\u00fae ahora para proteger sus derechos.<\/p>\n<p><span data-sheets-root=\"1\">Nuestros abogados pueden revisar su caso, guiarlo durante el proceso de reclamo y representarlo si califica para la <a href=\"https:\/\/ceolawyer.com\/biolab\/espanol\/\">demanda colectiva de BioLab<\/a>.<\/span><\/p>\n<h2><strong>Comun\u00edquese hoy mismo con el bufete de abogados de lesiones personales CEO Lawyer<\/strong><\/h2>\n<p>Si su hogar o negocio ha sufrido da\u00f1os debido a la reciente explosi\u00f3n, el tiempo es fundamental. No espere hasta que la aseguradora rechace su reclamo o le ofrezca un acuerdo de indemnizaci\u00f3n infravalorado.<\/p>\n<p>Comun\u00edquese hoy mismo con el bufete de abogados de lesiones personales CEO Lawyer al <a href=\"tel:+1404-410-6088\"><strong>404-410-6088<\/strong><\/a> para recibir una consulta gratuita. Nuestro equipo est\u00e1 listo para ayudarlo a luchar por la compensaci\u00f3n que se merece.<\/p>\n<p>Ya sea que se trate de una compensaci\u00f3n por da\u00f1os a la propiedad, la presentaci\u00f3n de reclamos por da\u00f1os en el hogar debido a una explosi\u00f3n o la reclamaci\u00f3n por la afectaci\u00f3n comercial sufrida por la explosi\u00f3n, tenemos la experiencia necesaria para ayudarlo.<\/p>\n","protected":false},"excerpt":{"rendered":"<p>Cuando un desastre inesperado ocurre, las consecuencias pueden hacer que los propietarios de viviendas y de empresas tengan que enfrentar los da\u00f1os que han sufrido sus propiedades. La reciente explosi\u00f3n de Biolab en Georgia, ha causado una destrucci\u00f3n significativa y ha dejado a innumerables residentes y empresarios lidiando con las p\u00e9rdidas econ\u00f3micas. Ya sea que [&hellip;]<\/p>\n","protected":false},"author":18,"featured_media":0,"parent":13177,"menu_order":0,"comment_status":"closed","ping_status":"closed","template":"template-biolab-faq-single.php","meta":{"_acf_changed":false,"footnotes":""},"class_list":["post-13189","page","type-page","status-publish","hentry"],"acf":[],"yoast_head":"<!-- This site is optimized with the Yoast SEO plugin v27.4 - https:\/\/yoast.com\/product\/yoast-seo-wordpress\/ -->\n<title>\u00bfQu\u00e9 hacer si sufr\u00ed da\u00f1os materiales por la explosi\u00f3n? | CEO Lawyer<\/title>\n<meta name=\"description\" content=\"Aprenda c\u00f3mo manejar los da\u00f1os a la propiedad causados por la explosi\u00f3n de BioLab. Descubra los pasos para documentar y \u00fanase hoy a la demanda colectiva de BioLab.\" \/>\n<meta name=\"robots\" content=\"index, follow, max-snippet:-1, max-image-preview:large, max-video-preview:-1\" \/>\n<link rel=\"canonical\" href=\"https:\/\/ceolawyer.com\/espanol\/biolab\/faq\/que-debo-hacer-si-he-sufrido-danos-materiales-en-mi-hogar-o-en-mi-negocio-debido-a-la-explosion\/\" \/>\n<meta property=\"og:locale\" content=\"en_US\" \/>\n<meta property=\"og:type\" content=\"article\" \/>\n<meta property=\"og:title\" content=\"\u00bfQu\u00e9 hacer si sufr\u00ed da\u00f1os materiales por la explosi\u00f3n? | CEO Lawyer\" \/>\n<meta property=\"og:description\" content=\"Aprenda c\u00f3mo manejar los da\u00f1os a la propiedad causados por la explosi\u00f3n de BioLab. Descubra los pasos para documentar y \u00fanase hoy a la demanda colectiva de BioLab.\" \/>\n<meta property=\"og:url\" content=\"https:\/\/ceolawyer.com\/espanol\/biolab\/faq\/que-debo-hacer-si-he-sufrido-danos-materiales-en-mi-hogar-o-en-mi-negocio-debido-a-la-explosion\/\" \/>\n<meta property=\"og:site_name\" content=\"CEO Lawyer\" \/>\n<meta property=\"article:modified_time\" content=\"2026-03-16T15:37:12+00:00\" \/>\n<meta name=\"twitter:card\" content=\"summary_large_image\" \/>\n<meta name=\"twitter:label1\" content=\"Est. reading time\" \/>\n\t<meta name=\"twitter:data1\" content=\"6 minutes\" \/>\n<script type=\"application\/ld+json\" class=\"yoast-schema-graph\">{\"@context\":\"https:\\\/\\\/schema.org\",\"@graph\":[{\"@type\":\"WebPage\",\"@id\":\"https:\\\/\\\/ceolawyer.com\\\/espanol\\\/biolab\\\/faq\\\/que-debo-hacer-si-he-sufrido-danos-materiales-en-mi-hogar-o-en-mi-negocio-debido-a-la-explosion\\\/\",\"url\":\"https:\\\/\\\/ceolawyer.com\\\/espanol\\\/biolab\\\/faq\\\/que-debo-hacer-si-he-sufrido-danos-materiales-en-mi-hogar-o-en-mi-negocio-debido-a-la-explosion\\\/\",\"name\":\"\u00bfQu\u00e9 hacer si sufr\u00ed da\u00f1os materiales por la explosi\u00f3n? | CEO Lawyer\",\"isPartOf\":{\"@id\":\"https:\\\/\\\/ceolawyer.com\\\/espanol\\\/#website\"},\"datePublished\":\"2026-03-16T15:24:59+00:00\",\"dateModified\":\"2026-03-16T15:37:12+00:00\",\"description\":\"Aprenda c\u00f3mo manejar los da\u00f1os a la propiedad causados por la explosi\u00f3n de BioLab. Descubra los pasos para documentar y \u00fanase hoy a la demanda colectiva de BioLab.\",\"breadcrumb\":{\"@id\":\"https:\\\/\\\/ceolawyer.com\\\/espanol\\\/biolab\\\/faq\\\/que-debo-hacer-si-he-sufrido-danos-materiales-en-mi-hogar-o-en-mi-negocio-debido-a-la-explosion\\\/#breadcrumb\"},\"inLanguage\":\"en-US\",\"potentialAction\":[{\"@type\":\"ReadAction\",\"target\":[\"https:\\\/\\\/ceolawyer.com\\\/espanol\\\/biolab\\\/faq\\\/que-debo-hacer-si-he-sufrido-danos-materiales-en-mi-hogar-o-en-mi-negocio-debido-a-la-explosion\\\/\"]}]},{\"@type\":\"BreadcrumbList\",\"@id\":\"https:\\\/\\\/ceolawyer.com\\\/espanol\\\/biolab\\\/faq\\\/que-debo-hacer-si-he-sufrido-danos-materiales-en-mi-hogar-o-en-mi-negocio-debido-a-la-explosion\\\/#breadcrumb\",\"itemListElement\":[{\"@type\":\"ListItem\",\"position\":1,\"name\":\"Home\",\"item\":\"https:\\\/\\\/ceolawyer.com\\\/espanol\\\/\"},{\"@type\":\"ListItem\",\"position\":2,\"name\":\"Demanda colectiva contra BioLab en Georgia\",\"item\":\"https:\\\/\\\/ceolawyer.com\\\/espanol\\\/biolab\\\/\"},{\"@type\":\"ListItem\",\"position\":3,\"name\":\"BioLab &#8211; FAQ\",\"item\":\"https:\\\/\\\/ceolawyer.com\\\/espanol\\\/biolab\\\/faq\\\/\"},{\"@type\":\"ListItem\",\"position\":4,\"name\":\"\u00bfQu\u00e9 debo hacer si he sufrido da\u00f1os materiales en mi hogar o en mi negocio debido a la explosi\u00f3n?\"}]},{\"@type\":\"WebSite\",\"@id\":\"https:\\\/\\\/ceolawyer.com\\\/espanol\\\/#website\",\"url\":\"https:\\\/\\\/ceolawyer.com\\\/espanol\\\/\",\"name\":\"CEO Lawyer\",\"description\":\"Personal Injury Attorney\",\"publisher\":{\"@id\":\"https:\\\/\\\/ceolawyer.com\\\/espanol\\\/#organization\"},\"potentialAction\":[{\"@type\":\"SearchAction\",\"target\":{\"@type\":\"EntryPoint\",\"urlTemplate\":\"https:\\\/\\\/ceolawyer.com\\\/espanol\\\/?s={search_term_string}\"},\"query-input\":{\"@type\":\"PropertyValueSpecification\",\"valueRequired\":true,\"valueName\":\"search_term_string\"}}],\"inLanguage\":\"en-US\"},{\"@type\":\"Organization\",\"@id\":\"https:\\\/\\\/ceolawyer.com\\\/espanol\\\/#organization\",\"name\":\"CEO Lawyer\",\"url\":\"https:\\\/\\\/ceolawyer.com\\\/espanol\\\/\",\"logo\":{\"@type\":\"ImageObject\",\"inLanguage\":\"en-US\",\"@id\":\"https:\\\/\\\/ceolawyer.com\\\/espanol\\\/#\\\/schema\\\/logo\\\/image\\\/\",\"url\":\"https:\\\/\\\/ceolawyer.com\\\/espanol\\\/wp-content\\\/uploads\\\/sites\\\/2\\\/2022\\\/05\\\/CEO_Logo.png\",\"contentUrl\":\"https:\\\/\\\/ceolawyer.com\\\/espanol\\\/wp-content\\\/uploads\\\/sites\\\/2\\\/2022\\\/05\\\/CEO_Logo.png\",\"width\":200,\"height\":108,\"caption\":\"CEO Lawyer\"},\"image\":{\"@id\":\"https:\\\/\\\/ceolawyer.com\\\/espanol\\\/#\\\/schema\\\/logo\\\/image\\\/\"}}]}<\/script>\n<!-- \/ Yoast SEO plugin. -->","yoast_head_json":{"title":"\u00bfQu\u00e9 hacer si sufr\u00ed da\u00f1os materiales por la explosi\u00f3n? | CEO Lawyer","description":"Aprenda c\u00f3mo manejar los da\u00f1os a la propiedad causados por la explosi\u00f3n de BioLab. Descubra los pasos para documentar y \u00fanase hoy a la demanda colectiva de BioLab.","robots":{"index":"index","follow":"follow","max-snippet":"max-snippet:-1","max-image-preview":"max-image-preview:large","max-video-preview":"max-video-preview:-1"},"canonical":"https:\/\/ceolawyer.com\/espanol\/biolab\/faq\/que-debo-hacer-si-he-sufrido-danos-materiales-en-mi-hogar-o-en-mi-negocio-debido-a-la-explosion\/","og_locale":"en_US","og_type":"article","og_title":"\u00bfQu\u00e9 hacer si sufr\u00ed da\u00f1os materiales por la explosi\u00f3n? | CEO Lawyer","og_description":"Aprenda c\u00f3mo manejar los da\u00f1os a la propiedad causados por la explosi\u00f3n de BioLab. Descubra los pasos para documentar y \u00fanase hoy a la demanda colectiva de BioLab.","og_url":"https:\/\/ceolawyer.com\/espanol\/biolab\/faq\/que-debo-hacer-si-he-sufrido-danos-materiales-en-mi-hogar-o-en-mi-negocio-debido-a-la-explosion\/","og_site_name":"CEO Lawyer","article_modified_time":"2026-03-16T15:37:12+00:00","twitter_card":"summary_large_image","twitter_misc":{"Est. reading time":"6 minutes"},"schema":{"@context":"https:\/\/schema.org","@graph":[{"@type":"WebPage","@id":"https:\/\/ceolawyer.com\/espanol\/biolab\/faq\/que-debo-hacer-si-he-sufrido-danos-materiales-en-mi-hogar-o-en-mi-negocio-debido-a-la-explosion\/","url":"https:\/\/ceolawyer.com\/espanol\/biolab\/faq\/que-debo-hacer-si-he-sufrido-danos-materiales-en-mi-hogar-o-en-mi-negocio-debido-a-la-explosion\/","name":"\u00bfQu\u00e9 hacer si sufr\u00ed da\u00f1os materiales por la explosi\u00f3n? | CEO Lawyer","isPartOf":{"@id":"https:\/\/ceolawyer.com\/espanol\/#website"},"datePublished":"2026-03-16T15:24:59+00:00","dateModified":"2026-03-16T15:37:12+00:00","description":"Aprenda c\u00f3mo manejar los da\u00f1os a la propiedad causados por la explosi\u00f3n de BioLab. Descubra los pasos para documentar y \u00fanase hoy a la demanda colectiva de BioLab.","breadcrumb":{"@id":"https:\/\/ceolawyer.com\/espanol\/biolab\/faq\/que-debo-hacer-si-he-sufrido-danos-materiales-en-mi-hogar-o-en-mi-negocio-debido-a-la-explosion\/#breadcrumb"},"inLanguage":"en-US","potentialAction":[{"@type":"ReadAction","target":["https:\/\/ceolawyer.com\/espanol\/biolab\/faq\/que-debo-hacer-si-he-sufrido-danos-materiales-en-mi-hogar-o-en-mi-negocio-debido-a-la-explosion\/"]}]},{"@type":"BreadcrumbList","@id":"https:\/\/ceolawyer.com\/espanol\/biolab\/faq\/que-debo-hacer-si-he-sufrido-danos-materiales-en-mi-hogar-o-en-mi-negocio-debido-a-la-explosion\/#breadcrumb","itemListElement":[{"@type":"ListItem","position":1,"name":"Home","item":"https:\/\/ceolawyer.com\/espanol\/"},{"@type":"ListItem","position":2,"name":"Demanda colectiva contra BioLab en Georgia","item":"https:\/\/ceolawyer.com\/espanol\/biolab\/"},{"@type":"ListItem","position":3,"name":"BioLab &#8211; FAQ","item":"https:\/\/ceolawyer.com\/espanol\/biolab\/faq\/"},{"@type":"ListItem","position":4,"name":"\u00bfQu\u00e9 debo hacer si he sufrido da\u00f1os materiales en mi hogar o en mi negocio debido a la explosi\u00f3n?"}]},{"@type":"WebSite","@id":"https:\/\/ceolawyer.com\/espanol\/#website","url":"https:\/\/ceolawyer.com\/espanol\/","name":"CEO Lawyer","description":"Personal Injury Attorney","publisher":{"@id":"https:\/\/ceolawyer.com\/espanol\/#organization"},"potentialAction":[{"@type":"SearchAction","target":{"@type":"EntryPoint","urlTemplate":"https:\/\/ceolawyer.com\/espanol\/?s={search_term_string}"},"query-input":{"@type":"PropertyValueSpecification","valueRequired":true,"valueName":"search_term_string"}}],"inLanguage":"en-US"},{"@type":"Organization","@id":"https:\/\/ceolawyer.com\/espanol\/#organization","name":"CEO Lawyer","url":"https:\/\/ceolawyer.com\/espanol\/","logo":{"@type":"ImageObject","inLanguage":"en-US","@id":"https:\/\/ceolawyer.com\/espanol\/#\/schema\/logo\/image\/","url":"https:\/\/ceolawyer.com\/espanol\/wp-content\/uploads\/sites\/2\/2022\/05\/CEO_Logo.png","contentUrl":"https:\/\/ceolawyer.com\/espanol\/wp-content\/uploads\/sites\/2\/2022\/05\/CEO_Logo.png","width":200,"height":108,"caption":"CEO Lawyer"},"image":{"@id":"https:\/\/ceolawyer.com\/espanol\/#\/schema\/logo\/image\/"}}]}},"_links":{"self":[{"href":"https:\/\/ceolawyer.com\/espanol\/wp-json\/wp\/v2\/pages\/13189","targetHints":{"allow":["GET"]}}],"collection":[{"href":"https:\/\/ceolawyer.com\/espanol\/wp-json\/wp\/v2\/pages"}],"about":[{"href":"https:\/\/ceolawyer.com\/espanol\/wp-json\/wp\/v2\/types\/page"}],"author":[{"embeddable":true,"href":"https:\/\/ceolawyer.com\/espanol\/wp-json\/wp\/v2\/users\/18"}],"replies":[{"embeddable":true,"href":"https:\/\/ceolawyer.com\/espanol\/wp-json\/wp\/v2\/comments?post=13189"}],"version-history":[{"count":0,"href":"https:\/\/ceolawyer.com\/espanol\/wp-json\/wp\/v2\/pages\/13189\/revisions"}],"up":[{"embeddable":true,"href":"https:\/\/ceolawyer.com\/espanol\/wp-json\/wp\/v2\/pages\/13177"}],"wp:attachment":[{"href":"https:\/\/ceolawyer.com\/espanol\/wp-json\/wp\/v2\/media?parent=13189"}],"curies":[{"name":"wp","href":"https:\/\/api.w.org\/{rel}","templated":true}]}}